{"id":89652,"date":"2025-09-26T10:53:32","date_gmt":"2025-09-26T10:53:32","guid":{"rendered":"https:\/\/casafreitas.pt\/loja\/produto\/serra-tico-tico-sem-fios-cjs2050-20-v-inclui-bateria-carregador\/"},"modified":"2025-10-24T00:56:52","modified_gmt":"2025-10-24T00:56:52","slug":"serra-tico-tico-sem-fios-cjs2050-20-v-inclui-bateria-carregador","status":"publish","type":"product","link":"https:\/\/casafreitas.pt\/loja\/produto\/serra-tico-tico-sem-fios-cjs2050-20-v-inclui-bateria-carregador\/","title":{"rendered":"Serra tico-tico sem fios cjs2050 20 v inclui bateria + carregador"},"content":{"rendered":"","protected":false},"excerpt":{"rendered":"<p>Serra tico-tico sem fios, bateria one power lithium de 20 v intercambi\u00e1vel com o resto das ferramentas da mesma gama. bateria remov\u00edvel de 2,0 mah com indicador de estado da bateria. carrega numa 1h. velocidade: 0 &#8211; 2500 rpm, controle eletr\u00f3nico de velocidade, luz de trabalho led, profundidade de corte madeira: 65 mm. profundidade de corte a\u00e7o: 8 mm. profundidade de corte pl\u00e1stico: 40 mm. longitude da serra: 19 mm. altura da serra: 20 mm. ajuste do \u00e2ngulo de corte 0-45\u00b0 esquerda ou direita. posi\u00e7\u00f5es pendulares: 4. dire\u00e7\u00f5es para sa\u00edda de ar double blow regul\u00e1vel para frente ou reverso. adaptador para aspirador de p\u00f3. cabo ergon\u00f3mico. revestimento de borracha no punho e na parte frontal. fixa\u00e7\u00e3o para serra: t&amp;u. sistema de fixa\u00e7\u00e3o r\u00e1pida da l\u00e2mina<\/p>\n","protected":false},"featured_media":89651,"comment_status":"open","ping_status":"closed","template":"","meta":[],"product_brand":[],"product_cat":[11488,17860],"product_tag":[12709],"class_list":{"0":"post-89652","1":"product","2":"type-product","3":"status-publish","4":"has-post-thumbnail","6":"product_cat-ferramentas","7":"product_cat-serras-jardim-e-espaco-exterior","8":"product_tag-casals","10":"first","11":"instock","12":"taxable","13":"shipping-taxable","14":"purchasable","15":"product-type-simple"},"_links":{"self":[{"href":"https:\/\/casafreitas.pt\/loja\/wp-json\/wp\/v2\/product\/89652","targetHints":{"allow":["GET"]}}],"collection":[{"href":"https:\/\/casafreitas.pt\/loja\/wp-json\/wp\/v2\/product"}],"about":[{"href":"https:\/\/casafreitas.pt\/loja\/wp-json\/wp\/v2\/types\/product"}],"replies":[{"embeddable":true,"href":"https:\/\/casafreitas.pt\/loja\/wp-json\/wp\/v2\/comments?post=89652"}],"version-history":[{"count":1,"href":"https:\/\/casafreitas.pt\/loja\/wp-json\/wp\/v2\/product\/89652\/revisions"}],"predecessor-version":[{"id":89653,"href":"https:\/\/casafreitas.pt\/loja\/wp-json\/wp\/v2\/product\/89652\/revisions\/89653"}],"wp:featuredmedia":[{"embeddable":true,"href":"https:\/\/casafreitas.pt\/loja\/wp-json\/wp\/v2\/media\/89651"}],"wp:attachment":[{"href":"https:\/\/casafreitas.pt\/loja\/wp-json\/wp\/v2\/media?parent=89652"}],"wp:term":[{"taxonomy":"product_brand","embeddable":true,"href":"https:\/\/casafreitas.pt\/loja\/wp-json\/wp\/v2\/product_brand?post=89652"},{"taxonomy":"product_cat","embeddable":true,"href":"https:\/\/casafreitas.pt\/loja\/wp-json\/wp\/v2\/product_cat?post=89652"},{"taxonomy":"product_tag","embeddable":true,"href":"https:\/\/casafreitas.pt\/loja\/wp-json\/wp\/v2\/product_tag?post=89652"}],"curies":[{"name":"wp","href":"https:\/\/api.w.org\/{rel}","templated":true}]}}