{"id":89646,"date":"2025-09-26T10:53:13","date_gmt":"2025-09-26T10:53:13","guid":{"rendered":"https:\/\/casafreitas.pt\/loja\/produto\/multiferramenta-cmg1205bc-12-v\/"},"modified":"2025-10-24T00:56:52","modified_gmt":"2025-10-24T00:56:52","slug":"multiferramenta-cmg1205bc-12-v","status":"publish","type":"product","link":"https:\/\/casafreitas.pt\/loja\/produto\/multiferramenta-cmg1205bc-12-v\/","title":{"rendered":"Multiferramenta cmg1205bc 12 v"},"content":{"rendered":"","protected":false},"excerpt":{"rendered":"<p>Ferramenta multifuncional 12 v, bateria: 2,0 ah (bateria remov\u00edvel e intercambi\u00e1vel com o resto das ferramentas da mesma gama), rpm: 5000-25000 rpm, n\u00famero de velocidades: 6, indicador de estado da bateria, tempo de carregamento: 3-5 h, bot\u00e3o de bloqueio, mandril: \u00f82,4 mm, possui 73 acess\u00f3rios: carregador, conjunto de 13 brocas e diferentes cabe\u00e7as para cortar, limar, polir, lixar, etc<\/p>\n","protected":false},"featured_media":89645,"comment_status":"open","ping_status":"closed","template":"","meta":[],"product_brand":[],"product_cat":[11488,17478],"product_tag":[12709],"class_list":{"0":"post-89646","1":"product","2":"type-product","3":"status-publish","4":"has-post-thumbnail","6":"product_cat-ferramentas","7":"product_cat-multi-ferramentas-ferramentas","8":"product_tag-casals","10":"first","11":"instock","12":"taxable","13":"shipping-taxable","14":"purchasable","15":"product-type-simple"},"_links":{"self":[{"href":"https:\/\/casafreitas.pt\/loja\/wp-json\/wp\/v2\/product\/89646","targetHints":{"allow":["GET"]}}],"collection":[{"href":"https:\/\/casafreitas.pt\/loja\/wp-json\/wp\/v2\/product"}],"about":[{"href":"https:\/\/casafreitas.pt\/loja\/wp-json\/wp\/v2\/types\/product"}],"replies":[{"embeddable":true,"href":"https:\/\/casafreitas.pt\/loja\/wp-json\/wp\/v2\/comments?post=89646"}],"version-history":[{"count":1,"href":"https:\/\/casafreitas.pt\/loja\/wp-json\/wp\/v2\/product\/89646\/revisions"}],"predecessor-version":[{"id":89647,"href":"https:\/\/casafreitas.pt\/loja\/wp-json\/wp\/v2\/product\/89646\/revisions\/89647"}],"wp:featuredmedia":[{"embeddable":true,"href":"https:\/\/casafreitas.pt\/loja\/wp-json\/wp\/v2\/media\/89645"}],"wp:attachment":[{"href":"https:\/\/casafreitas.pt\/loja\/wp-json\/wp\/v2\/media?parent=89646"}],"wp:term":[{"taxonomy":"product_brand","embeddable":true,"href":"https:\/\/casafreitas.pt\/loja\/wp-json\/wp\/v2\/product_brand?post=89646"},{"taxonomy":"product_cat","embeddable":true,"href":"https:\/\/casafreitas.pt\/loja\/wp-json\/wp\/v2\/product_cat?post=89646"},{"taxonomy":"product_tag","embeddable":true,"href":"https:\/\/casafreitas.pt\/loja\/wp-json\/wp\/v2\/product_tag?post=89646"}],"curies":[{"name":"wp","href":"https:\/\/api.w.org\/{rel}","templated":true}]}}