{"id":89472,"date":"2025-09-26T10:43:49","date_gmt":"2025-09-26T10:43:49","guid":{"rendered":"https:\/\/casafreitas.pt\/loja\/produto\/regua-encaixe-4650000-wolfcraft\/"},"modified":"2025-10-24T00:56:42","modified_gmt":"2025-10-24T00:56:42","slug":"regua-encaixe-4650000-wolfcraft","status":"publish","type":"product","link":"https:\/\/casafreitas.pt\/loja\/produto\/regua-encaixe-4650000-wolfcraft\/","title":{"rendered":"R\u00e9gua de encaixe 4650000 wolfcraft"},"content":{"rendered":"","protected":false},"excerpt":{"rendered":"<p>R\u00e9gua de encaixe 4650000 wolfcraft. guia de perfura\u00e7\u00e3o multifun\u00e7\u00f5es para uni\u00f5es, para fazer orif\u00edcios em fila em arm\u00e1rios, fun\u00e7\u00e3o 5 em 1: guia de ajuda e guia espiga para filas de 3 orif\u00b4cios, uni\u00f5es em t, de superf\u00edcie e de canto, design de qualidade. comprimento 670mm, para t\u00e1buas de at\u00e9 600mm de comprimento e 12-40mm de espessura, 2 escalas integradas, filas de 32 orif\u00edcios, carrinhos de perfura\u00e7\u00e3o deslizantes com soquetes para fazer orif\u00edcios com di\u00e2metro de \u00f85, 6, 8 e 10mm<\/p>\n","protected":false},"featured_media":89471,"comment_status":"open","ping_status":"closed","template":"","meta":[],"product_brand":[],"product_cat":[11488,15646],"product_tag":[],"class_list":{"0":"post-89472","1":"product","2":"type-product","3":"status-publish","4":"has-post-thumbnail","6":"product_cat-ferramentas","7":"product_cat-ferramentas-de-carpintaria-ferramentas","9":"first","10":"instock","11":"taxable","12":"shipping-taxable","13":"purchasable","14":"product-type-simple"},"_links":{"self":[{"href":"https:\/\/casafreitas.pt\/loja\/wp-json\/wp\/v2\/product\/89472","targetHints":{"allow":["GET"]}}],"collection":[{"href":"https:\/\/casafreitas.pt\/loja\/wp-json\/wp\/v2\/product"}],"about":[{"href":"https:\/\/casafreitas.pt\/loja\/wp-json\/wp\/v2\/types\/product"}],"replies":[{"embeddable":true,"href":"https:\/\/casafreitas.pt\/loja\/wp-json\/wp\/v2\/comments?post=89472"}],"version-history":[{"count":1,"href":"https:\/\/casafreitas.pt\/loja\/wp-json\/wp\/v2\/product\/89472\/revisions"}],"predecessor-version":[{"id":89473,"href":"https:\/\/casafreitas.pt\/loja\/wp-json\/wp\/v2\/product\/89472\/revisions\/89473"}],"wp:featuredmedia":[{"embeddable":true,"href":"https:\/\/casafreitas.pt\/loja\/wp-json\/wp\/v2\/media\/89471"}],"wp:attachment":[{"href":"https:\/\/casafreitas.pt\/loja\/wp-json\/wp\/v2\/media?parent=89472"}],"wp:term":[{"taxonomy":"product_brand","embeddable":true,"href":"https:\/\/casafreitas.pt\/loja\/wp-json\/wp\/v2\/product_brand?post=89472"},{"taxonomy":"product_cat","embeddable":true,"href":"https:\/\/casafreitas.pt\/loja\/wp-json\/wp\/v2\/product_cat?post=89472"},{"taxonomy":"product_tag","embeddable":true,"href":"https:\/\/casafreitas.pt\/loja\/wp-json\/wp\/v2\/product_tag?post=89472"}],"curies":[{"name":"wp","href":"https:\/\/api.w.org\/{rel}","templated":true}]}}