{"id":89196,"date":"2025-09-26T09:58:54","date_gmt":"2025-09-26T09:58:54","guid":{"rendered":"https:\/\/casafreitas.pt\/loja\/produto\/angulo-visao-3d-5208000-wolfcraft\/"},"modified":"2025-10-24T00:56:26","modified_gmt":"2025-10-24T00:56:26","slug":"angulo-visao-3d-5208000-wolfcraft","status":"publish","type":"product","link":"https:\/\/casafreitas.pt\/loja\/produto\/angulo-visao-3d-5208000-wolfcraft\/","title":{"rendered":"\u00c2ngulo de vis\u00e3o 3d 5208000 wolfcraft"},"content":{"rendered":"","protected":false},"excerpt":{"rendered":"<p>\u00c2ngulo de vis\u00e3o 3d 5208000 wolfcraft<\/p>\n","protected":false},"featured_media":89195,"comment_status":"open","ping_status":"closed","template":"","meta":[],"product_brand":[],"product_cat":[11488,13759],"product_tag":[],"class_list":{"0":"post-89196","1":"product","2":"type-product","3":"status-publish","4":"has-post-thumbnail","6":"product_cat-ferramentas","7":"product_cat-ferramentas-dispositivos-de-medicao-ferramentas","9":"first","10":"instock","11":"taxable","12":"shipping-taxable","13":"purchasable","14":"product-type-simple"},"_links":{"self":[{"href":"https:\/\/casafreitas.pt\/loja\/wp-json\/wp\/v2\/product\/89196","targetHints":{"allow":["GET"]}}],"collection":[{"href":"https:\/\/casafreitas.pt\/loja\/wp-json\/wp\/v2\/product"}],"about":[{"href":"https:\/\/casafreitas.pt\/loja\/wp-json\/wp\/v2\/types\/product"}],"replies":[{"embeddable":true,"href":"https:\/\/casafreitas.pt\/loja\/wp-json\/wp\/v2\/comments?post=89196"}],"version-history":[{"count":1,"href":"https:\/\/casafreitas.pt\/loja\/wp-json\/wp\/v2\/product\/89196\/revisions"}],"predecessor-version":[{"id":89197,"href":"https:\/\/casafreitas.pt\/loja\/wp-json\/wp\/v2\/product\/89196\/revisions\/89197"}],"wp:featuredmedia":[{"embeddable":true,"href":"https:\/\/casafreitas.pt\/loja\/wp-json\/wp\/v2\/media\/89195"}],"wp:attachment":[{"href":"https:\/\/casafreitas.pt\/loja\/wp-json\/wp\/v2\/media?parent=89196"}],"wp:term":[{"taxonomy":"product_brand","embeddable":true,"href":"https:\/\/casafreitas.pt\/loja\/wp-json\/wp\/v2\/product_brand?post=89196"},{"taxonomy":"product_cat","embeddable":true,"href":"https:\/\/casafreitas.pt\/loja\/wp-json\/wp\/v2\/product_cat?post=89196"},{"taxonomy":"product_tag","embeddable":true,"href":"https:\/\/casafreitas.pt\/loja\/wp-json\/wp\/v2\/product_tag?post=89196"}],"curies":[{"name":"wp","href":"https:\/\/api.w.org\/{rel}","templated":true}]}}