{"id":89193,"date":"2025-09-26T09:58:45","date_gmt":"2025-09-26T09:58:45","guid":{"rendered":"https:\/\/casafreitas.pt\/loja\/produto\/jogo-hobby-polimento\/"},"modified":"2025-10-24T00:56:26","modified_gmt":"2025-10-24T00:56:26","slug":"jogo-hobby-polimento","status":"publish","type":"product","link":"https:\/\/casafreitas.pt\/loja\/produto\/jogo-hobby-polimento\/","title":{"rendered":"Jogo hobby de polimento"},"content":{"rendered":"","protected":false},"excerpt":{"rendered":"<p>Jogo hobby de polimento para metais, pl\u00e1stico, m\u00e1rmore, etc. conte\u00fado: massa para polir, mandril de fixa\u00e7\u00e3o, disco de feltro, disco de algod\u00e3o<\/p>\n","protected":false},"featured_media":89192,"comment_status":"open","ping_status":"closed","template":"","meta":[],"product_brand":[],"product_cat":[11488,16403],"product_tag":[],"class_list":{"0":"post-89193","1":"product","2":"type-product","3":"status-publish","4":"has-post-thumbnail","6":"product_cat-ferramentas","7":"product_cat-ferramentas-de-polimento-e-abrasao-ferramentas-51","9":"first","10":"instock","11":"taxable","12":"shipping-taxable","13":"purchasable","14":"product-type-simple"},"_links":{"self":[{"href":"https:\/\/casafreitas.pt\/loja\/wp-json\/wp\/v2\/product\/89193","targetHints":{"allow":["GET"]}}],"collection":[{"href":"https:\/\/casafreitas.pt\/loja\/wp-json\/wp\/v2\/product"}],"about":[{"href":"https:\/\/casafreitas.pt\/loja\/wp-json\/wp\/v2\/types\/product"}],"replies":[{"embeddable":true,"href":"https:\/\/casafreitas.pt\/loja\/wp-json\/wp\/v2\/comments?post=89193"}],"version-history":[{"count":1,"href":"https:\/\/casafreitas.pt\/loja\/wp-json\/wp\/v2\/product\/89193\/revisions"}],"predecessor-version":[{"id":89194,"href":"https:\/\/casafreitas.pt\/loja\/wp-json\/wp\/v2\/product\/89193\/revisions\/89194"}],"wp:featuredmedia":[{"embeddable":true,"href":"https:\/\/casafreitas.pt\/loja\/wp-json\/wp\/v2\/media\/89192"}],"wp:attachment":[{"href":"https:\/\/casafreitas.pt\/loja\/wp-json\/wp\/v2\/media?parent=89193"}],"wp:term":[{"taxonomy":"product_brand","embeddable":true,"href":"https:\/\/casafreitas.pt\/loja\/wp-json\/wp\/v2\/product_brand?post=89193"},{"taxonomy":"product_cat","embeddable":true,"href":"https:\/\/casafreitas.pt\/loja\/wp-json\/wp\/v2\/product_cat?post=89193"},{"taxonomy":"product_tag","embeddable":true,"href":"https:\/\/casafreitas.pt\/loja\/wp-json\/wp\/v2\/product_tag?post=89193"}],"curies":[{"name":"wp","href":"https:\/\/api.w.org\/{rel}","templated":true}]}}