{"id":89064,"date":"2025-09-26T09:51:39","date_gmt":"2025-09-26T09:51:39","guid":{"rendered":"https:\/\/casafreitas.pt\/loja\/produto\/angulo-medicao-marcacao-vario-3d-c5209000-wolfcraft\/"},"modified":"2025-10-24T00:56:17","modified_gmt":"2025-10-24T00:56:17","slug":"angulo-medicao-marcacao-vario-3d-c5209000-wolfcraft","status":"publish","type":"product","link":"https:\/\/casafreitas.pt\/loja\/produto\/angulo-medicao-marcacao-vario-3d-c5209000-wolfcraft\/","title":{"rendered":"\u00c2ngulo de medi\u00e7\u00e3o e marca\u00e7\u00e3o vario 3d c5209000 wolfcraft"},"content":{"rendered":"","protected":false},"excerpt":{"rendered":"<p>O \u00e2ngulo de medi\u00e7\u00e3o e marca\u00e7\u00e3o vario 3d \u00e9 um assistente para projetos universais para medir superf\u00edcies e pe\u00e7as tridimensionais. gra\u00e7as \u00e0 fun\u00e7\u00e3o de dobragem pode ser usado em diferentes \u00e2ngulos, o que permite trespassar as medidas de forma simples a madeiras e esquadros, tubos e similares. se estiver extendido pode-se usar como se fosse um esquadro tanto \u00e0 escala milimetrica e com os limitadores para \u00e2ngulos de 45\u00ba e 90\u00ba como com a escala de \u00e2ngulos livres de 0\u00ba a 180\u00ba que permitem a liga e a marca\u00e7\u00e3o precisa<\/p>\n","protected":false},"featured_media":89063,"comment_status":"open","ping_status":"closed","template":"","meta":[],"product_brand":[],"product_cat":[11488,13759],"product_tag":[],"class_list":{"0":"post-89064","1":"product","2":"type-product","3":"status-publish","4":"has-post-thumbnail","6":"product_cat-ferramentas","7":"product_cat-ferramentas-dispositivos-de-medicao-ferramentas","9":"first","10":"instock","11":"taxable","12":"shipping-taxable","13":"purchasable","14":"product-type-simple"},"_links":{"self":[{"href":"https:\/\/casafreitas.pt\/loja\/wp-json\/wp\/v2\/product\/89064","targetHints":{"allow":["GET"]}}],"collection":[{"href":"https:\/\/casafreitas.pt\/loja\/wp-json\/wp\/v2\/product"}],"about":[{"href":"https:\/\/casafreitas.pt\/loja\/wp-json\/wp\/v2\/types\/product"}],"replies":[{"embeddable":true,"href":"https:\/\/casafreitas.pt\/loja\/wp-json\/wp\/v2\/comments?post=89064"}],"version-history":[{"count":1,"href":"https:\/\/casafreitas.pt\/loja\/wp-json\/wp\/v2\/product\/89064\/revisions"}],"predecessor-version":[{"id":89065,"href":"https:\/\/casafreitas.pt\/loja\/wp-json\/wp\/v2\/product\/89064\/revisions\/89065"}],"wp:featuredmedia":[{"embeddable":true,"href":"https:\/\/casafreitas.pt\/loja\/wp-json\/wp\/v2\/media\/89063"}],"wp:attachment":[{"href":"https:\/\/casafreitas.pt\/loja\/wp-json\/wp\/v2\/media?parent=89064"}],"wp:term":[{"taxonomy":"product_brand","embeddable":true,"href":"https:\/\/casafreitas.pt\/loja\/wp-json\/wp\/v2\/product_brand?post=89064"},{"taxonomy":"product_cat","embeddable":true,"href":"https:\/\/casafreitas.pt\/loja\/wp-json\/wp\/v2\/product_cat?post=89064"},{"taxonomy":"product_tag","embeddable":true,"href":"https:\/\/casafreitas.pt\/loja\/wp-json\/wp\/v2\/product_tag?post=89064"}],"curies":[{"name":"wp","href":"https:\/\/api.w.org\/{rel}","templated":true}]}}