{"id":88281,"date":"2025-09-26T09:09:24","date_gmt":"2025-09-26T09:09:24","guid":{"rendered":"https:\/\/casafreitas.pt\/loja\/produto\/tesoura-vindima-curva-18-comprimento-18cm-stocker\/"},"modified":"2025-10-24T00:55:32","modified_gmt":"2025-10-24T00:55:32","slug":"tesoura-vindima-curva-18-comprimento-18cm-stocker","status":"publish","type":"product","link":"https:\/\/casafreitas.pt\/loja\/produto\/tesoura-vindima-curva-18-comprimento-18cm-stocker\/","title":{"rendered":"Tesoura vindima curva 18 comprimento: 18cm stocker"},"content":{"rendered":"","protected":false},"excerpt":{"rendered":"<p>Tesoura vindima curva 18. stocker. compacta e ligeira. perfeita para a vindima e colheita de citrinos. l\u00e2mina de a\u00e7o forjado a quente curva. cabo de pvc. cabo ergon\u00f3mico. comprimento 18cm. peso 90g<\/p>\n","protected":false},"featured_media":88280,"comment_status":"open","ping_status":"closed","template":"","meta":[],"product_brand":[],"product_cat":[11488,17511],"product_tag":[12513],"class_list":{"0":"post-88281","1":"product","2":"type-product","3":"status-publish","4":"has-post-thumbnail","6":"product_cat-ferramentas","7":"product_cat-tesouras-podas-serras-ferramentas","8":"product_tag-stocker","10":"first","11":"instock","12":"taxable","13":"shipping-taxable","14":"purchasable","15":"product-type-simple"},"_links":{"self":[{"href":"https:\/\/casafreitas.pt\/loja\/wp-json\/wp\/v2\/product\/88281","targetHints":{"allow":["GET"]}}],"collection":[{"href":"https:\/\/casafreitas.pt\/loja\/wp-json\/wp\/v2\/product"}],"about":[{"href":"https:\/\/casafreitas.pt\/loja\/wp-json\/wp\/v2\/types\/product"}],"replies":[{"embeddable":true,"href":"https:\/\/casafreitas.pt\/loja\/wp-json\/wp\/v2\/comments?post=88281"}],"version-history":[{"count":1,"href":"https:\/\/casafreitas.pt\/loja\/wp-json\/wp\/v2\/product\/88281\/revisions"}],"predecessor-version":[{"id":88282,"href":"https:\/\/casafreitas.pt\/loja\/wp-json\/wp\/v2\/product\/88281\/revisions\/88282"}],"wp:featuredmedia":[{"embeddable":true,"href":"https:\/\/casafreitas.pt\/loja\/wp-json\/wp\/v2\/media\/88280"}],"wp:attachment":[{"href":"https:\/\/casafreitas.pt\/loja\/wp-json\/wp\/v2\/media?parent=88281"}],"wp:term":[{"taxonomy":"product_brand","embeddable":true,"href":"https:\/\/casafreitas.pt\/loja\/wp-json\/wp\/v2\/product_brand?post=88281"},{"taxonomy":"product_cat","embeddable":true,"href":"https:\/\/casafreitas.pt\/loja\/wp-json\/wp\/v2\/product_cat?post=88281"},{"taxonomy":"product_tag","embeddable":true,"href":"https:\/\/casafreitas.pt\/loja\/wp-json\/wp\/v2\/product_tag?post=88281"}],"curies":[{"name":"wp","href":"https:\/\/api.w.org\/{rel}","templated":true}]}}