{"id":88278,"date":"2025-09-26T09:09:14","date_gmt":"2025-09-26T09:09:14","guid":{"rendered":"https:\/\/casafreitas.pt\/loja\/produto\/tesoura-jardim-universal-21-comprimento-21cm-stocker\/"},"modified":"2025-11-19T22:00:47","modified_gmt":"2025-11-19T22:00:47","slug":"tesoura-jardim-universal-21-comprimento-21cm-stocker","status":"publish","type":"product","link":"https:\/\/casafreitas.pt\/loja\/produto\/tesoura-jardim-universal-21-comprimento-21cm-stocker\/","title":{"rendered":"Tesoura de jardim universal 21. comprimento: 21cm stocker"},"content":{"rendered":"","protected":false},"excerpt":{"rendered":"<p>Tesoura universal jardim 21. stocker. tesoura de jardim com corte muito pratica e apta para todo o tipo de usos. extremamente manuse\u00e1vel e ligeira. a l\u00e2mina comprida facilita os trabalhos de corte. cabo ergon\u00f3mico de borracha. comprimento 21cm. peso 266g<\/p>\n","protected":false},"featured_media":88277,"comment_status":"open","ping_status":"closed","template":"","meta":[],"product_brand":[],"product_cat":[11488,17511],"product_tag":[12513],"class_list":{"0":"post-88278","1":"product","2":"type-product","3":"status-publish","4":"has-post-thumbnail","6":"product_cat-ferramentas","7":"product_cat-tesouras-podas-serras-ferramentas","8":"product_tag-stocker","10":"first","11":"instock","12":"taxable","13":"shipping-taxable","14":"purchasable","15":"product-type-simple"},"_links":{"self":[{"href":"https:\/\/casafreitas.pt\/loja\/wp-json\/wp\/v2\/product\/88278","targetHints":{"allow":["GET"]}}],"collection":[{"href":"https:\/\/casafreitas.pt\/loja\/wp-json\/wp\/v2\/product"}],"about":[{"href":"https:\/\/casafreitas.pt\/loja\/wp-json\/wp\/v2\/types\/product"}],"replies":[{"embeddable":true,"href":"https:\/\/casafreitas.pt\/loja\/wp-json\/wp\/v2\/comments?post=88278"}],"version-history":[{"count":1,"href":"https:\/\/casafreitas.pt\/loja\/wp-json\/wp\/v2\/product\/88278\/revisions"}],"predecessor-version":[{"id":88279,"href":"https:\/\/casafreitas.pt\/loja\/wp-json\/wp\/v2\/product\/88278\/revisions\/88279"}],"wp:featuredmedia":[{"embeddable":true,"href":"https:\/\/casafreitas.pt\/loja\/wp-json\/wp\/v2\/media\/88277"}],"wp:attachment":[{"href":"https:\/\/casafreitas.pt\/loja\/wp-json\/wp\/v2\/media?parent=88278"}],"wp:term":[{"taxonomy":"product_brand","embeddable":true,"href":"https:\/\/casafreitas.pt\/loja\/wp-json\/wp\/v2\/product_brand?post=88278"},{"taxonomy":"product_cat","embeddable":true,"href":"https:\/\/casafreitas.pt\/loja\/wp-json\/wp\/v2\/product_cat?post=88278"},{"taxonomy":"product_tag","embeddable":true,"href":"https:\/\/casafreitas.pt\/loja\/wp-json\/wp\/v2\/product_tag?post=88278"}],"curies":[{"name":"wp","href":"https:\/\/api.w.org\/{rel}","templated":true}]}}