{"id":88269,"date":"2025-09-26T09:08:45","date_gmt":"2025-09-26T09:08:45","guid":{"rendered":"https:\/\/casafreitas.pt\/loja\/produto\/tesoura-profi-bypass-22-comprimento-22cm-stocker\/"},"modified":"2025-10-24T00:55:31","modified_gmt":"2025-10-24T00:55:31","slug":"tesoura-profi-bypass-22-comprimento-22cm-stocker","status":"publish","type":"product","link":"https:\/\/casafreitas.pt\/loja\/produto\/tesoura-profi-bypass-22-comprimento-22cm-stocker\/","title":{"rendered":"Tesoura profi bypass 22 comprimento: 22cm stocker"},"content":{"rendered":"","protected":false},"excerpt":{"rendered":"<p>Tesoura profi bypass 22 stocker. tesoura com l\u00e2mina e contra-l\u00e2mina curva e corte bypass. ideal para uso profissional e dom\u00e9stico. a tecnologia com bloqueiro de seguran\u00e7a garante maior estabilidade no pin central. l\u00e2mina de a\u00e7o cromado. cabo de alum\u00ednio forjado revestido de pvc. cabo ergon\u00f3mico. comprimento: 22cm. peso: 250g. di\u00e2metro m\u00e1ximo de corte: 22mm<\/p>\n","protected":false},"featured_media":88268,"comment_status":"open","ping_status":"closed","template":"","meta":[],"product_brand":[],"product_cat":[11488,17511],"product_tag":[12513],"class_list":{"0":"post-88269","1":"product","2":"type-product","3":"status-publish","4":"has-post-thumbnail","6":"product_cat-ferramentas","7":"product_cat-tesouras-podas-serras-ferramentas","8":"product_tag-stocker","10":"first","11":"instock","12":"taxable","13":"shipping-taxable","14":"purchasable","15":"product-type-simple"},"_links":{"self":[{"href":"https:\/\/casafreitas.pt\/loja\/wp-json\/wp\/v2\/product\/88269","targetHints":{"allow":["GET"]}}],"collection":[{"href":"https:\/\/casafreitas.pt\/loja\/wp-json\/wp\/v2\/product"}],"about":[{"href":"https:\/\/casafreitas.pt\/loja\/wp-json\/wp\/v2\/types\/product"}],"replies":[{"embeddable":true,"href":"https:\/\/casafreitas.pt\/loja\/wp-json\/wp\/v2\/comments?post=88269"}],"version-history":[{"count":1,"href":"https:\/\/casafreitas.pt\/loja\/wp-json\/wp\/v2\/product\/88269\/revisions"}],"predecessor-version":[{"id":88270,"href":"https:\/\/casafreitas.pt\/loja\/wp-json\/wp\/v2\/product\/88269\/revisions\/88270"}],"wp:featuredmedia":[{"embeddable":true,"href":"https:\/\/casafreitas.pt\/loja\/wp-json\/wp\/v2\/media\/88268"}],"wp:attachment":[{"href":"https:\/\/casafreitas.pt\/loja\/wp-json\/wp\/v2\/media?parent=88269"}],"wp:term":[{"taxonomy":"product_brand","embeddable":true,"href":"https:\/\/casafreitas.pt\/loja\/wp-json\/wp\/v2\/product_brand?post=88269"},{"taxonomy":"product_cat","embeddable":true,"href":"https:\/\/casafreitas.pt\/loja\/wp-json\/wp\/v2\/product_cat?post=88269"},{"taxonomy":"product_tag","embeddable":true,"href":"https:\/\/casafreitas.pt\/loja\/wp-json\/wp\/v2\/product_tag?post=88269"}],"curies":[{"name":"wp","href":"https:\/\/api.w.org\/{rel}","templated":true}]}}