{"id":88263,"date":"2025-09-26T09:08:25","date_gmt":"2025-09-26T09:08:25","guid":{"rendered":"https:\/\/casafreitas.pt\/loja\/produto\/filtros-bi-flux-3-1\/"},"modified":"2025-10-24T00:55:31","modified_gmt":"2025-10-24T00:55:31","slug":"filtros-bi-flux-3-1","status":"publish","type":"product","link":"https:\/\/casafreitas.pt\/loja\/produto\/filtros-bi-flux-3-1\/","title":{"rendered":"Filtros bi-flux 3 + 1"},"content":{"rendered":"","protected":false},"excerpt":{"rendered":"<p>Caixa com 4 filtros bi-flux. dura\u00e7\u00e3o de 150 litros \/ 1 m\u00eas por filtro. o filtro bi-flux ret\u00e9m os sais minerais ben\u00e9ficos para o organismo e reduz o cloro, a cal, os metais pesados, os contaminantes qu\u00edmicos e alguns pesticidas e herbicidas. estes filtros s\u00e3o compat\u00edveis com todos os jarros brita, gra\u00e7as ao dispositivo laica-key inclu\u00eddo<\/p>\n","protected":false},"featured_media":88262,"comment_status":"open","ping_status":"closed","template":"","meta":[],"product_brand":[],"product_cat":[17621,18004],"product_tag":[],"class_list":{"0":"post-88263","1":"product","2":"type-product","3":"status-publish","4":"has-post-thumbnail","6":"product_cat-pecas-de-reposicao-para-filtragem-de-agua-construcao","7":"product_cat-construcao","9":"first","10":"instock","11":"taxable","12":"shipping-taxable","13":"purchasable","14":"product-type-simple"},"_links":{"self":[{"href":"https:\/\/casafreitas.pt\/loja\/wp-json\/wp\/v2\/product\/88263","targetHints":{"allow":["GET"]}}],"collection":[{"href":"https:\/\/casafreitas.pt\/loja\/wp-json\/wp\/v2\/product"}],"about":[{"href":"https:\/\/casafreitas.pt\/loja\/wp-json\/wp\/v2\/types\/product"}],"replies":[{"embeddable":true,"href":"https:\/\/casafreitas.pt\/loja\/wp-json\/wp\/v2\/comments?post=88263"}],"version-history":[{"count":1,"href":"https:\/\/casafreitas.pt\/loja\/wp-json\/wp\/v2\/product\/88263\/revisions"}],"predecessor-version":[{"id":88264,"href":"https:\/\/casafreitas.pt\/loja\/wp-json\/wp\/v2\/product\/88263\/revisions\/88264"}],"wp:featuredmedia":[{"embeddable":true,"href":"https:\/\/casafreitas.pt\/loja\/wp-json\/wp\/v2\/media\/88262"}],"wp:attachment":[{"href":"https:\/\/casafreitas.pt\/loja\/wp-json\/wp\/v2\/media?parent=88263"}],"wp:term":[{"taxonomy":"product_brand","embeddable":true,"href":"https:\/\/casafreitas.pt\/loja\/wp-json\/wp\/v2\/product_brand?post=88263"},{"taxonomy":"product_cat","embeddable":true,"href":"https:\/\/casafreitas.pt\/loja\/wp-json\/wp\/v2\/product_cat?post=88263"},{"taxonomy":"product_tag","embeddable":true,"href":"https:\/\/casafreitas.pt\/loja\/wp-json\/wp\/v2\/product_tag?post=88263"}],"curies":[{"name":"wp","href":"https:\/\/api.w.org\/{rel}","templated":true}]}}