{"id":88254,"date":"2025-09-26T09:07:56","date_gmt":"2025-09-26T09:07:56","guid":{"rendered":"https:\/\/casafreitas.pt\/loja\/produto\/tesoura-eletricista-injecao-dupla-14-cm\/"},"modified":"2025-10-30T22:50:47","modified_gmt":"2025-10-30T22:50:47","slug":"tesoura-eletricista-injecao-dupla-14-cm","status":"publish","type":"product","link":"https:\/\/casafreitas.pt\/loja\/produto\/tesoura-eletricista-injecao-dupla-14-cm\/","title":{"rendered":"Tesoura de eletricista inje\u00e7\u00e3o dupla 14 cm"},"content":{"rendered":"","protected":false},"excerpt":{"rendered":"<p>Tesoura de eletricista profissional fabricada em inox. grande poder de corte inclusive para cabos grossos. disp\u00f5e de cabos isolantes de inje\u00e7\u00e3o dupla e gume micro dentado para melhor agarre. medida 14 cm. apresentada em display \/ gancho<\/p>\n","protected":false},"featured_media":88253,"comment_status":"open","ping_status":"closed","template":"","meta":[],"product_brand":[],"product_cat":[11488,15778],"product_tag":[],"class_list":{"0":"post-88254","1":"product","2":"type-product","3":"status-publish","4":"has-post-thumbnail","6":"product_cat-ferramentas","7":"product_cat-tesoura-ferramenta-manual-ferramentas-49","9":"first","10":"instock","11":"taxable","12":"shipping-taxable","13":"purchasable","14":"product-type-simple"},"_links":{"self":[{"href":"https:\/\/casafreitas.pt\/loja\/wp-json\/wp\/v2\/product\/88254","targetHints":{"allow":["GET"]}}],"collection":[{"href":"https:\/\/casafreitas.pt\/loja\/wp-json\/wp\/v2\/product"}],"about":[{"href":"https:\/\/casafreitas.pt\/loja\/wp-json\/wp\/v2\/types\/product"}],"replies":[{"embeddable":true,"href":"https:\/\/casafreitas.pt\/loja\/wp-json\/wp\/v2\/comments?post=88254"}],"version-history":[{"count":1,"href":"https:\/\/casafreitas.pt\/loja\/wp-json\/wp\/v2\/product\/88254\/revisions"}],"predecessor-version":[{"id":88255,"href":"https:\/\/casafreitas.pt\/loja\/wp-json\/wp\/v2\/product\/88254\/revisions\/88255"}],"wp:featuredmedia":[{"embeddable":true,"href":"https:\/\/casafreitas.pt\/loja\/wp-json\/wp\/v2\/media\/88253"}],"wp:attachment":[{"href":"https:\/\/casafreitas.pt\/loja\/wp-json\/wp\/v2\/media?parent=88254"}],"wp:term":[{"taxonomy":"product_brand","embeddable":true,"href":"https:\/\/casafreitas.pt\/loja\/wp-json\/wp\/v2\/product_brand?post=88254"},{"taxonomy":"product_cat","embeddable":true,"href":"https:\/\/casafreitas.pt\/loja\/wp-json\/wp\/v2\/product_cat?post=88254"},{"taxonomy":"product_tag","embeddable":true,"href":"https:\/\/casafreitas.pt\/loja\/wp-json\/wp\/v2\/product_tag?post=88254"}],"curies":[{"name":"wp","href":"https:\/\/api.w.org\/{rel}","templated":true}]}}