{"id":88251,"date":"2025-09-26T09:07:46","date_gmt":"2025-09-26T09:07:46","guid":{"rendered":"https:\/\/casafreitas.pt\/loja\/produto\/tesoura-eletricista-classica-isolante-17-cm\/"},"modified":"2025-11-15T22:03:32","modified_gmt":"2025-11-15T22:03:32","slug":"tesoura-eletricista-classica-isolante-17-cm","status":"publish","type":"product","link":"https:\/\/casafreitas.pt\/loja\/produto\/tesoura-eletricista-classica-isolante-17-cm\/","title":{"rendered":"Tesoura de eletricista cl\u00e1ssica isolante 17 cm"},"content":{"rendered":"","protected":false},"excerpt":{"rendered":"<p>Tesoura eletricista profissional de 5&#8243;. forjada em quente em a\u00e7o de carbono de alta qualidade. disp\u00f5e de cabo isolado em pvc. grande vida \u00fatil do gume. devido ao acabamento niquelado tem de uma alta resist\u00eancia \u00e0 corros\u00e3o. tamb\u00e9m se pode usar como descarnador de cabos. apresentada em display\/gancho<\/p>\n","protected":false},"featured_media":88250,"comment_status":"open","ping_status":"closed","template":"","meta":[],"product_brand":[],"product_cat":[11488,15778],"product_tag":[],"class_list":{"0":"post-88251","1":"product","2":"type-product","3":"status-publish","4":"has-post-thumbnail","6":"product_cat-ferramentas","7":"product_cat-tesoura-ferramenta-manual-ferramentas-49","9":"first","10":"instock","11":"taxable","12":"shipping-taxable","13":"purchasable","14":"product-type-simple"},"_links":{"self":[{"href":"https:\/\/casafreitas.pt\/loja\/wp-json\/wp\/v2\/product\/88251","targetHints":{"allow":["GET"]}}],"collection":[{"href":"https:\/\/casafreitas.pt\/loja\/wp-json\/wp\/v2\/product"}],"about":[{"href":"https:\/\/casafreitas.pt\/loja\/wp-json\/wp\/v2\/types\/product"}],"replies":[{"embeddable":true,"href":"https:\/\/casafreitas.pt\/loja\/wp-json\/wp\/v2\/comments?post=88251"}],"version-history":[{"count":1,"href":"https:\/\/casafreitas.pt\/loja\/wp-json\/wp\/v2\/product\/88251\/revisions"}],"predecessor-version":[{"id":88252,"href":"https:\/\/casafreitas.pt\/loja\/wp-json\/wp\/v2\/product\/88251\/revisions\/88252"}],"wp:featuredmedia":[{"embeddable":true,"href":"https:\/\/casafreitas.pt\/loja\/wp-json\/wp\/v2\/media\/88250"}],"wp:attachment":[{"href":"https:\/\/casafreitas.pt\/loja\/wp-json\/wp\/v2\/media?parent=88251"}],"wp:term":[{"taxonomy":"product_brand","embeddable":true,"href":"https:\/\/casafreitas.pt\/loja\/wp-json\/wp\/v2\/product_brand?post=88251"},{"taxonomy":"product_cat","embeddable":true,"href":"https:\/\/casafreitas.pt\/loja\/wp-json\/wp\/v2\/product_cat?post=88251"},{"taxonomy":"product_tag","embeddable":true,"href":"https:\/\/casafreitas.pt\/loja\/wp-json\/wp\/v2\/product_tag?post=88251"}],"curies":[{"name":"wp","href":"https:\/\/api.w.org\/{rel}","templated":true}]}}