{"id":88245,"date":"2025-09-26T09:07:27","date_gmt":"2025-09-26T09:07:27","guid":{"rendered":"https:\/\/casafreitas.pt\/loja\/produto\/filtro-agua-recarga-mypure-slim-v-mf-1053237-brita\/"},"modified":"2025-10-24T00:55:28","modified_gmt":"2025-10-24T00:55:28","slug":"filtro-agua-recarga-mypure-slim-v-mf-1053237-brita","status":"publish","type":"product","link":"https:\/\/casafreitas.pt\/loja\/produto\/filtro-agua-recarga-mypure-slim-v-mf-1053237-brita\/","title":{"rendered":"Filtro de \u00e1gua (recarga) mypure slim v-mf 1053237 brita"},"content":{"rendered":"","protected":false},"excerpt":{"rendered":"<p>Filtro para p\u00f4r debaixo do lava-loi\u00e7as para sua torneira, para \u00e1gua livre de 99,999% de bact\u00e9rias, incluindo temporizador digital que fica escondido debaixo do lava-loi\u00e7as: ocupa pouco espa\u00e7o, filtre a sua \u00e1gua sem ter que trocar a sua torneira. 8.000 litros<\/p>\n","protected":false},"featured_media":88244,"comment_status":"open","ping_status":"closed","template":"","meta":[],"product_brand":[],"product_cat":[17621,18004],"product_tag":[],"class_list":{"0":"post-88245","1":"product","2":"type-product","3":"status-publish","4":"has-post-thumbnail","6":"product_cat-pecas-de-reposicao-para-filtragem-de-agua-construcao","7":"product_cat-construcao","9":"first","10":"instock","11":"taxable","12":"shipping-taxable","13":"purchasable","14":"product-type-simple"},"_links":{"self":[{"href":"https:\/\/casafreitas.pt\/loja\/wp-json\/wp\/v2\/product\/88245","targetHints":{"allow":["GET"]}}],"collection":[{"href":"https:\/\/casafreitas.pt\/loja\/wp-json\/wp\/v2\/product"}],"about":[{"href":"https:\/\/casafreitas.pt\/loja\/wp-json\/wp\/v2\/types\/product"}],"replies":[{"embeddable":true,"href":"https:\/\/casafreitas.pt\/loja\/wp-json\/wp\/v2\/comments?post=88245"}],"version-history":[{"count":1,"href":"https:\/\/casafreitas.pt\/loja\/wp-json\/wp\/v2\/product\/88245\/revisions"}],"predecessor-version":[{"id":88246,"href":"https:\/\/casafreitas.pt\/loja\/wp-json\/wp\/v2\/product\/88245\/revisions\/88246"}],"wp:featuredmedia":[{"embeddable":true,"href":"https:\/\/casafreitas.pt\/loja\/wp-json\/wp\/v2\/media\/88244"}],"wp:attachment":[{"href":"https:\/\/casafreitas.pt\/loja\/wp-json\/wp\/v2\/media?parent=88245"}],"wp:term":[{"taxonomy":"product_brand","embeddable":true,"href":"https:\/\/casafreitas.pt\/loja\/wp-json\/wp\/v2\/product_brand?post=88245"},{"taxonomy":"product_cat","embeddable":true,"href":"https:\/\/casafreitas.pt\/loja\/wp-json\/wp\/v2\/product_cat?post=88245"},{"taxonomy":"product_tag","embeddable":true,"href":"https:\/\/casafreitas.pt\/loja\/wp-json\/wp\/v2\/product_tag?post=88245"}],"curies":[{"name":"wp","href":"https:\/\/api.w.org\/{rel}","templated":true}]}}