{"id":88242,"date":"2025-09-26T09:07:17","date_gmt":"2025-09-26T09:07:17","guid":{"rendered":"https:\/\/casafreitas.pt\/loja\/produto\/filtro-agua-para-torneira-p1-recarga-p1000-1004263-brita\/"},"modified":"2025-10-24T00:55:28","modified_gmt":"2025-10-24T00:55:28","slug":"filtro-agua-para-torneira-p1-recarga-p1000-1004263-brita","status":"publish","type":"product","link":"https:\/\/casafreitas.pt\/loja\/produto\/filtro-agua-para-torneira-p1-recarga-p1000-1004263-brita\/","title":{"rendered":"Filtro de \u00e1gua para torneira p1 (recarga) p1000 1004263 brita"},"content":{"rendered":"","protected":false},"excerpt":{"rendered":"<p>Para 12 meses de \u00e1gua filtrada, 1 cartucho &#8211; reduz subst\u00e2ncias como o cloro, a cal e outras impurezas que alteram o sabor da \u00e1gua, a filtragem de \u00e1gua \u00e9 mais eficiente nas zonas de \u00e1gua d\u00e9bil e dura. adequado para bebidas quentes e frias. o cartucho filtrante p1000 est\u00e1 composto por carbono granulado, n\u00e3o compacto, de casca de coco e resina de troca i\u00f4nica<\/p>\n","protected":false},"featured_media":88241,"comment_status":"open","ping_status":"closed","template":"","meta":[],"product_brand":[],"product_cat":[17621,18004],"product_tag":[],"class_list":{"0":"post-88242","1":"product","2":"type-product","3":"status-publish","4":"has-post-thumbnail","6":"product_cat-pecas-de-reposicao-para-filtragem-de-agua-construcao","7":"product_cat-construcao","9":"first","10":"instock","11":"taxable","12":"shipping-taxable","13":"purchasable","14":"product-type-simple"},"_links":{"self":[{"href":"https:\/\/casafreitas.pt\/loja\/wp-json\/wp\/v2\/product\/88242","targetHints":{"allow":["GET"]}}],"collection":[{"href":"https:\/\/casafreitas.pt\/loja\/wp-json\/wp\/v2\/product"}],"about":[{"href":"https:\/\/casafreitas.pt\/loja\/wp-json\/wp\/v2\/types\/product"}],"replies":[{"embeddable":true,"href":"https:\/\/casafreitas.pt\/loja\/wp-json\/wp\/v2\/comments?post=88242"}],"version-history":[{"count":1,"href":"https:\/\/casafreitas.pt\/loja\/wp-json\/wp\/v2\/product\/88242\/revisions"}],"predecessor-version":[{"id":88243,"href":"https:\/\/casafreitas.pt\/loja\/wp-json\/wp\/v2\/product\/88242\/revisions\/88243"}],"wp:featuredmedia":[{"embeddable":true,"href":"https:\/\/casafreitas.pt\/loja\/wp-json\/wp\/v2\/media\/88241"}],"wp:attachment":[{"href":"https:\/\/casafreitas.pt\/loja\/wp-json\/wp\/v2\/media?parent=88242"}],"wp:term":[{"taxonomy":"product_brand","embeddable":true,"href":"https:\/\/casafreitas.pt\/loja\/wp-json\/wp\/v2\/product_brand?post=88242"},{"taxonomy":"product_cat","embeddable":true,"href":"https:\/\/casafreitas.pt\/loja\/wp-json\/wp\/v2\/product_cat?post=88242"},{"taxonomy":"product_tag","embeddable":true,"href":"https:\/\/casafreitas.pt\/loja\/wp-json\/wp\/v2\/product_tag?post=88242"}],"curies":[{"name":"wp","href":"https:\/\/api.w.org\/{rel}","templated":true}]}}