{"id":88236,"date":"2025-09-26T09:06:58","date_gmt":"2025-09-26T09:06:58","guid":{"rendered":"https:\/\/casafreitas.pt\/loja\/produto\/sistema-filtragem-mypure-p1-torneira-filtro-agua-1025434-brita\/"},"modified":"2025-10-24T00:55:28","modified_gmt":"2025-10-24T00:55:28","slug":"sistema-filtragem-mypure-p1-torneira-filtro-agua-1025434-brita","status":"publish","type":"product","link":"https:\/\/casafreitas.pt\/loja\/produto\/sistema-filtragem-mypure-p1-torneira-filtro-agua-1025434-brita\/","title":{"rendered":"Sistema de filtragem mypure p1 torneira + filtro de \u00e1gua 1025434 brita"},"content":{"rendered":"","protected":false},"excerpt":{"rendered":"<p>Sistema de filtragem de \u00e1gua brita com torneira mpyure p1 (1200l) incl. 1 cartucho p1000 &#8211; torneira de \u00e1gua independente instalada ao lado da torneira da cozinha. o sistema mypure p1 da brita utiliza 100% da \u00e1gua de origem, sem descartar uma gota, reduz a cal e outras subst\u00e2ncias que alteram o sabor e o aroma da \u00e1gua. faz com que a \u00e1gua mantenha a sua mineraliza\u00e7\u00e3o, em concreto, o c\u00e1lcio e magn\u00e9sio<\/p>\n","protected":false},"featured_media":88235,"comment_status":"open","ping_status":"closed","template":"","meta":[],"product_brand":[],"product_cat":[12714,18004],"product_tag":[],"class_list":{"0":"post-88236","1":"product","2":"type-product","3":"status-publish","4":"has-post-thumbnail","6":"product_cat-filtracao-de-agua","7":"product_cat-construcao","9":"first","10":"instock","11":"taxable","12":"shipping-taxable","13":"purchasable","14":"product-type-simple"},"_links":{"self":[{"href":"https:\/\/casafreitas.pt\/loja\/wp-json\/wp\/v2\/product\/88236","targetHints":{"allow":["GET"]}}],"collection":[{"href":"https:\/\/casafreitas.pt\/loja\/wp-json\/wp\/v2\/product"}],"about":[{"href":"https:\/\/casafreitas.pt\/loja\/wp-json\/wp\/v2\/types\/product"}],"replies":[{"embeddable":true,"href":"https:\/\/casafreitas.pt\/loja\/wp-json\/wp\/v2\/comments?post=88236"}],"version-history":[{"count":1,"href":"https:\/\/casafreitas.pt\/loja\/wp-json\/wp\/v2\/product\/88236\/revisions"}],"predecessor-version":[{"id":88237,"href":"https:\/\/casafreitas.pt\/loja\/wp-json\/wp\/v2\/product\/88236\/revisions\/88237"}],"wp:featuredmedia":[{"embeddable":true,"href":"https:\/\/casafreitas.pt\/loja\/wp-json\/wp\/v2\/media\/88235"}],"wp:attachment":[{"href":"https:\/\/casafreitas.pt\/loja\/wp-json\/wp\/v2\/media?parent=88236"}],"wp:term":[{"taxonomy":"product_brand","embeddable":true,"href":"https:\/\/casafreitas.pt\/loja\/wp-json\/wp\/v2\/product_brand?post=88236"},{"taxonomy":"product_cat","embeddable":true,"href":"https:\/\/casafreitas.pt\/loja\/wp-json\/wp\/v2\/product_cat?post=88236"},{"taxonomy":"product_tag","embeddable":true,"href":"https:\/\/casafreitas.pt\/loja\/wp-json\/wp\/v2\/product_tag?post=88236"}],"curies":[{"name":"wp","href":"https:\/\/api.w.org\/{rel}","templated":true}]}}