{"id":88227,"date":"2025-09-26T09:06:30","date_gmt":"2025-09-26T09:06:30","guid":{"rendered":"https:\/\/casafreitas.pt\/loja\/produto\/recarga-cartucho-filtro-agua-on-tap-v-filtro-torneira-1052067-brita\/"},"modified":"2025-10-24T00:55:27","modified_gmt":"2025-10-24T00:55:27","slug":"recarga-cartucho-filtro-agua-on-tap-v-filtro-torneira-1052067-brita","status":"publish","type":"product","link":"https:\/\/casafreitas.pt\/loja\/produto\/recarga-cartucho-filtro-agua-on-tap-v-filtro-torneira-1052067-brita\/","title":{"rendered":"Recarga cartucho filtro de \u00e1gua on tap v filtro torneira 1052067 brita"},"content":{"rendered":"","protected":false},"excerpt":{"rendered":"<p>\u00c1gua sustent\u00e1vel de bom sabor, reduz as micro part\u00edculas, os metais pesados e outras subst\u00e2ncias que alteram o sabor para uma \u00e1gua com um sabor mais natural e fresco. o sistema de filtragem de 4 passos ret\u00e9m as pequenas part\u00edculas e reduz cloro e outras subst\u00e2ncias que alteram o odor e sabor como, por exemplo, o chumbo e o cobre<\/p>\n","protected":false},"featured_media":88226,"comment_status":"open","ping_status":"closed","template":"","meta":[],"product_brand":[],"product_cat":[12714,18004],"product_tag":[],"class_list":{"0":"post-88227","1":"product","2":"type-product","3":"status-publish","4":"has-post-thumbnail","6":"product_cat-filtracao-de-agua","7":"product_cat-construcao","9":"first","10":"instock","11":"taxable","12":"shipping-taxable","13":"purchasable","14":"product-type-simple"},"_links":{"self":[{"href":"https:\/\/casafreitas.pt\/loja\/wp-json\/wp\/v2\/product\/88227","targetHints":{"allow":["GET"]}}],"collection":[{"href":"https:\/\/casafreitas.pt\/loja\/wp-json\/wp\/v2\/product"}],"about":[{"href":"https:\/\/casafreitas.pt\/loja\/wp-json\/wp\/v2\/types\/product"}],"replies":[{"embeddable":true,"href":"https:\/\/casafreitas.pt\/loja\/wp-json\/wp\/v2\/comments?post=88227"}],"version-history":[{"count":1,"href":"https:\/\/casafreitas.pt\/loja\/wp-json\/wp\/v2\/product\/88227\/revisions"}],"predecessor-version":[{"id":88228,"href":"https:\/\/casafreitas.pt\/loja\/wp-json\/wp\/v2\/product\/88227\/revisions\/88228"}],"wp:featuredmedia":[{"embeddable":true,"href":"https:\/\/casafreitas.pt\/loja\/wp-json\/wp\/v2\/media\/88226"}],"wp:attachment":[{"href":"https:\/\/casafreitas.pt\/loja\/wp-json\/wp\/v2\/media?parent=88227"}],"wp:term":[{"taxonomy":"product_brand","embeddable":true,"href":"https:\/\/casafreitas.pt\/loja\/wp-json\/wp\/v2\/product_brand?post=88227"},{"taxonomy":"product_cat","embeddable":true,"href":"https:\/\/casafreitas.pt\/loja\/wp-json\/wp\/v2\/product_cat?post=88227"},{"taxonomy":"product_tag","embeddable":true,"href":"https:\/\/casafreitas.pt\/loja\/wp-json\/wp\/v2\/product_tag?post=88227"}],"curies":[{"name":"wp","href":"https:\/\/api.w.org\/{rel}","templated":true}]}}