{"id":88203,"date":"2025-09-26T09:05:14","date_gmt":"2025-09-26T09:05:14","guid":{"rendered":"https:\/\/casafreitas.pt\/loja\/produto\/jarro-para-filtrar-marella-azul-2-filtros-maxtra-pro-24l-1051131-brita\/"},"modified":"2025-10-24T00:55:26","modified_gmt":"2025-10-24T00:55:26","slug":"jarro-para-filtrar-marella-azul-2-filtros-maxtra-pro-24l-1051131-brita","status":"publish","type":"product","link":"https:\/\/casafreitas.pt\/loja\/produto\/jarro-para-filtrar-marella-azul-2-filtros-maxtra-pro-24l-1051131-brita\/","title":{"rendered":"Jarro para filtrar marella azul 2 filtros maxtra pro 2,4l 1051131 brita"},"content":{"rendered":"","protected":false},"excerpt":{"rendered":"<p>Jarro com capacidade para filtrar 1,4l de \u00e1gua e a capacidade para filtrar at\u00e9 2,4l. filtro de \u00e1gua maxtra pro com a tecnologia brita microflow para zonas de \u00e1gua d\u00e9bil e dura. perfeito para bebidas frias e quentes. desenvolvido para caber na porta do frigor\u00edfico. o jarro brita memo avisa-o que deve trocar o filtro a cada 4 semanas para obter um filtragem \u00f3tima. apto para lavar na m\u00e1quina lva-loi\u00e7as (excepto a tampa). brita perfectfitpara uma filtragem de excel\u00eancia. garante que toda a \u00e1gua \u00e9 filtrada de modo seguro ao usar o filtro maxtra pro<\/p>\n","protected":false},"featured_media":88202,"comment_status":"open","ping_status":"closed","template":"","meta":[],"product_brand":[],"product_cat":[12714,18004],"product_tag":[],"class_list":{"0":"post-88203","1":"product","2":"type-product","3":"status-publish","4":"has-post-thumbnail","6":"product_cat-filtracao-de-agua","7":"product_cat-construcao","9":"first","10":"instock","11":"taxable","12":"shipping-taxable","13":"purchasable","14":"product-type-simple"},"_links":{"self":[{"href":"https:\/\/casafreitas.pt\/loja\/wp-json\/wp\/v2\/product\/88203","targetHints":{"allow":["GET"]}}],"collection":[{"href":"https:\/\/casafreitas.pt\/loja\/wp-json\/wp\/v2\/product"}],"about":[{"href":"https:\/\/casafreitas.pt\/loja\/wp-json\/wp\/v2\/types\/product"}],"replies":[{"embeddable":true,"href":"https:\/\/casafreitas.pt\/loja\/wp-json\/wp\/v2\/comments?post=88203"}],"version-history":[{"count":1,"href":"https:\/\/casafreitas.pt\/loja\/wp-json\/wp\/v2\/product\/88203\/revisions"}],"predecessor-version":[{"id":88204,"href":"https:\/\/casafreitas.pt\/loja\/wp-json\/wp\/v2\/product\/88203\/revisions\/88204"}],"wp:featuredmedia":[{"embeddable":true,"href":"https:\/\/casafreitas.pt\/loja\/wp-json\/wp\/v2\/media\/88202"}],"wp:attachment":[{"href":"https:\/\/casafreitas.pt\/loja\/wp-json\/wp\/v2\/media?parent=88203"}],"wp:term":[{"taxonomy":"product_brand","embeddable":true,"href":"https:\/\/casafreitas.pt\/loja\/wp-json\/wp\/v2\/product_brand?post=88203"},{"taxonomy":"product_cat","embeddable":true,"href":"https:\/\/casafreitas.pt\/loja\/wp-json\/wp\/v2\/product_cat?post=88203"},{"taxonomy":"product_tag","embeddable":true,"href":"https:\/\/casafreitas.pt\/loja\/wp-json\/wp\/v2\/product_tag?post=88203"}],"curies":[{"name":"wp","href":"https:\/\/api.w.org\/{rel}","templated":true}]}}