{"id":88197,"date":"2025-09-26T09:04:55","date_gmt":"2025-09-26T09:04:55","guid":{"rendered":"https:\/\/casafreitas.pt\/loja\/produto\/balde-construcao-5l-com-bico-6595-o235x183cm\/"},"modified":"2025-10-24T00:55:26","modified_gmt":"2025-10-24T00:55:26","slug":"balde-construcao-5l-com-bico-6595-o235x183cm","status":"publish","type":"product","link":"https:\/\/casafreitas.pt\/loja\/produto\/balde-construcao-5l-com-bico-6595-o235x183cm\/","title":{"rendered":"Balde constru\u00e7\u00e3o 5l. com bico 6595 \u00f823,5&#215;18,3cm"},"content":{"rendered":"","protected":false},"excerpt":{"rendered":"<p>Balde constru\u00e7\u00e3o 5l. com bico 6595 dimens\u00f5es: \u00f823,5&#215;18,3cm (diametro\/altura) cor: preto. material: polietileno. medidor interno em litros.<\/p>\n","protected":false},"featured_media":88196,"comment_status":"open","ping_status":"closed","template":"","meta":[],"product_brand":[],"product_cat":[17428,11488],"product_tag":[],"class_list":{"0":"post-88197","1":"product","2":"type-product","3":"status-publish","4":"has-post-thumbnail","6":"product_cat-cestos-cubos-ferramentas","7":"product_cat-ferramentas","9":"first","10":"instock","11":"taxable","12":"shipping-taxable","13":"purchasable","14":"product-type-simple"},"_links":{"self":[{"href":"https:\/\/casafreitas.pt\/loja\/wp-json\/wp\/v2\/product\/88197","targetHints":{"allow":["GET"]}}],"collection":[{"href":"https:\/\/casafreitas.pt\/loja\/wp-json\/wp\/v2\/product"}],"about":[{"href":"https:\/\/casafreitas.pt\/loja\/wp-json\/wp\/v2\/types\/product"}],"replies":[{"embeddable":true,"href":"https:\/\/casafreitas.pt\/loja\/wp-json\/wp\/v2\/comments?post=88197"}],"version-history":[{"count":1,"href":"https:\/\/casafreitas.pt\/loja\/wp-json\/wp\/v2\/product\/88197\/revisions"}],"predecessor-version":[{"id":88198,"href":"https:\/\/casafreitas.pt\/loja\/wp-json\/wp\/v2\/product\/88197\/revisions\/88198"}],"wp:featuredmedia":[{"embeddable":true,"href":"https:\/\/casafreitas.pt\/loja\/wp-json\/wp\/v2\/media\/88196"}],"wp:attachment":[{"href":"https:\/\/casafreitas.pt\/loja\/wp-json\/wp\/v2\/media?parent=88197"}],"wp:term":[{"taxonomy":"product_brand","embeddable":true,"href":"https:\/\/casafreitas.pt\/loja\/wp-json\/wp\/v2\/product_brand?post=88197"},{"taxonomy":"product_cat","embeddable":true,"href":"https:\/\/casafreitas.pt\/loja\/wp-json\/wp\/v2\/product_cat?post=88197"},{"taxonomy":"product_tag","embeddable":true,"href":"https:\/\/casafreitas.pt\/loja\/wp-json\/wp\/v2\/product_tag?post=88197"}],"curies":[{"name":"wp","href":"https:\/\/api.w.org\/{rel}","templated":true}]}}