{"id":88101,"date":"2025-09-26T08:59:36","date_gmt":"2025-09-26T08:59:36","guid":{"rendered":"https:\/\/casafreitas.pt\/loja\/produto\/escada-telescopica-multifuncional-aluminio-4-4-degraus-en131\/"},"modified":"2025-10-24T00:55:21","modified_gmt":"2025-10-24T00:55:21","slug":"escada-telescopica-multifuncional-aluminio-4-4-degraus-en131","status":"publish","type":"product","link":"https:\/\/casafreitas.pt\/loja\/produto\/escada-telescopica-multifuncional-aluminio-4-4-degraus-en131\/","title":{"rendered":"Escada telesc\u00f3pica multifuncional de alum\u00ednio, 4 + 4 degraus, en131"},"content":{"rendered":"","protected":false},"excerpt":{"rendered":"<p>Escada telesc\u00f3pica multifuncional 2 x 4+4 degraus. material: alum\u00ednio. dobradi\u00e7a de a\u00e7o com sistema de travamento. inclui base estabilizadora de 80 cm. peso da escada: 9,7 kg. comprimento m\u00e1ximo em uso estendido: 4,30 m. comprimento m\u00e1ximo em uso como escada: 3,3 m. carga m\u00e1xima: 150 kg. certifica\u00e7\u00e3o en131.<\/p>\n","protected":false},"featured_media":88100,"comment_status":"open","ping_status":"closed","template":"","meta":[],"product_brand":[],"product_cat":[17550,18004],"product_tag":[],"class_list":{"0":"post-88101","1":"product","2":"type-product","3":"status-publish","4":"has-post-thumbnail","6":"product_cat-escadas-de-aluminio-aco-construcao","7":"product_cat-construcao","9":"first","10":"instock","11":"taxable","12":"shipping-taxable","13":"purchasable","14":"product-type-simple"},"_links":{"self":[{"href":"https:\/\/casafreitas.pt\/loja\/wp-json\/wp\/v2\/product\/88101","targetHints":{"allow":["GET"]}}],"collection":[{"href":"https:\/\/casafreitas.pt\/loja\/wp-json\/wp\/v2\/product"}],"about":[{"href":"https:\/\/casafreitas.pt\/loja\/wp-json\/wp\/v2\/types\/product"}],"replies":[{"embeddable":true,"href":"https:\/\/casafreitas.pt\/loja\/wp-json\/wp\/v2\/comments?post=88101"}],"version-history":[{"count":1,"href":"https:\/\/casafreitas.pt\/loja\/wp-json\/wp\/v2\/product\/88101\/revisions"}],"predecessor-version":[{"id":88102,"href":"https:\/\/casafreitas.pt\/loja\/wp-json\/wp\/v2\/product\/88101\/revisions\/88102"}],"wp:featuredmedia":[{"embeddable":true,"href":"https:\/\/casafreitas.pt\/loja\/wp-json\/wp\/v2\/media\/88100"}],"wp:attachment":[{"href":"https:\/\/casafreitas.pt\/loja\/wp-json\/wp\/v2\/media?parent=88101"}],"wp:term":[{"taxonomy":"product_brand","embeddable":true,"href":"https:\/\/casafreitas.pt\/loja\/wp-json\/wp\/v2\/product_brand?post=88101"},{"taxonomy":"product_cat","embeddable":true,"href":"https:\/\/casafreitas.pt\/loja\/wp-json\/wp\/v2\/product_cat?post=88101"},{"taxonomy":"product_tag","embeddable":true,"href":"https:\/\/casafreitas.pt\/loja\/wp-json\/wp\/v2\/product_tag?post=88101"}],"curies":[{"name":"wp","href":"https:\/\/api.w.org\/{rel}","templated":true}]}}