{"id":88092,"date":"2025-09-26T08:59:06","date_gmt":"2025-09-26T08:59:06","guid":{"rendered":"https:\/\/casafreitas.pt\/loja\/produto\/escadote-madeira-degraus-largos-214cm-altura-bld-8-plabell\/"},"modified":"2025-10-24T00:55:21","modified_gmt":"2025-10-24T00:55:21","slug":"escadote-madeira-degraus-largos-214cm-altura-bld-8-plabell","status":"publish","type":"product","link":"https:\/\/casafreitas.pt\/loja\/produto\/escadote-madeira-degraus-largos-214cm-altura-bld-8-plabell\/","title":{"rendered":"Escadote de madeira degraus largos 214cm altura bld-8 plabell"},"content":{"rendered":"","protected":false},"excerpt":{"rendered":"<p>Escadote de madeira degraus largos 214cm altura bld-8 plabell. especial para pintores e eletricistas, de uso exclusivo em tesouras e de dupla subida. com degraus largos de 6cm, montados de forma piramidal sobre a largura total, alargados e progressivamente de cima at\u00e9 \u00e0 base. na partxe superior, al\u00e9m do sistema anti-abertura. os degraus formam um tipo de estrutura para colocar todo o tipo de materiais e recipientes. para garantir a estabilidade do escadote, cont\u00e9m buchas de borracha antideslizante e fita anti-abertura. medidas: 214&#215;31\/62cm. n\u00ba degraus: 8+8 peso escadote 8kg. garantia 2 anos. legisla\u00e7\u00e3o eu en 131-1-2<\/p>\n","protected":false},"featured_media":88091,"comment_status":"open","ping_status":"closed","template":"","meta":[],"product_brand":[],"product_cat":[17551,18004],"product_tag":[],"class_list":{"0":"post-88092","1":"product","2":"type-product","3":"status-publish","4":"has-post-thumbnail","6":"product_cat-escadas-de-madeira-construcao","7":"product_cat-construcao","9":"first","10":"instock","11":"taxable","12":"shipping-taxable","13":"purchasable","14":"product-type-simple"},"_links":{"self":[{"href":"https:\/\/casafreitas.pt\/loja\/wp-json\/wp\/v2\/product\/88092","targetHints":{"allow":["GET"]}}],"collection":[{"href":"https:\/\/casafreitas.pt\/loja\/wp-json\/wp\/v2\/product"}],"about":[{"href":"https:\/\/casafreitas.pt\/loja\/wp-json\/wp\/v2\/types\/product"}],"replies":[{"embeddable":true,"href":"https:\/\/casafreitas.pt\/loja\/wp-json\/wp\/v2\/comments?post=88092"}],"version-history":[{"count":1,"href":"https:\/\/casafreitas.pt\/loja\/wp-json\/wp\/v2\/product\/88092\/revisions"}],"predecessor-version":[{"id":88093,"href":"https:\/\/casafreitas.pt\/loja\/wp-json\/wp\/v2\/product\/88092\/revisions\/88093"}],"wp:featuredmedia":[{"embeddable":true,"href":"https:\/\/casafreitas.pt\/loja\/wp-json\/wp\/v2\/media\/88091"}],"wp:attachment":[{"href":"https:\/\/casafreitas.pt\/loja\/wp-json\/wp\/v2\/media?parent=88092"}],"wp:term":[{"taxonomy":"product_brand","embeddable":true,"href":"https:\/\/casafreitas.pt\/loja\/wp-json\/wp\/v2\/product_brand?post=88092"},{"taxonomy":"product_cat","embeddable":true,"href":"https:\/\/casafreitas.pt\/loja\/wp-json\/wp\/v2\/product_cat?post=88092"},{"taxonomy":"product_tag","embeddable":true,"href":"https:\/\/casafreitas.pt\/loja\/wp-json\/wp\/v2\/product_tag?post=88092"}],"curies":[{"name":"wp","href":"https:\/\/api.w.org\/{rel}","templated":true}]}}