{"id":88050,"date":"2025-09-26T08:56:48","date_gmt":"2025-09-26T08:56:48","guid":{"rendered":"https:\/\/casafreitas.pt\/loja\/produto\/escada-aluminio-domestica-7-passos\/"},"modified":"2025-10-24T00:55:18","modified_gmt":"2025-10-24T00:55:18","slug":"escada-aluminio-domestica-7-passos","status":"publish","type":"product","link":"https:\/\/casafreitas.pt\/loja\/produto\/escada-aluminio-domestica-7-passos\/","title":{"rendered":"Escada de alum\u00ednio dom\u00e9stica 7 passos"},"content":{"rendered":"","protected":false},"excerpt":{"rendered":"<p>Escada de alum\u00ednio dom\u00e9stica 7 passos. medidas dobradas: 50 x 11 x 218 cm, altura do \u00faltimo degrau 1,44 m. peso da escada: 5,1 kg peso m\u00e1ximo: 150 kg comprimento m\u00e1ximo em uso 3,44 m. plataforma pp com sistema de fechamento exclusivo, dobradi\u00e7as em alum\u00ednio e pp. en131<\/p>\n","protected":false},"featured_media":88049,"comment_status":"open","ping_status":"closed","template":"","meta":[],"product_brand":[],"product_cat":[17550,18004],"product_tag":[],"class_list":{"0":"post-88050","1":"product","2":"type-product","3":"status-publish","4":"has-post-thumbnail","6":"product_cat-escadas-de-aluminio-aco-construcao","7":"product_cat-construcao","9":"first","10":"instock","11":"taxable","12":"shipping-taxable","13":"purchasable","14":"product-type-simple"},"_links":{"self":[{"href":"https:\/\/casafreitas.pt\/loja\/wp-json\/wp\/v2\/product\/88050","targetHints":{"allow":["GET"]}}],"collection":[{"href":"https:\/\/casafreitas.pt\/loja\/wp-json\/wp\/v2\/product"}],"about":[{"href":"https:\/\/casafreitas.pt\/loja\/wp-json\/wp\/v2\/types\/product"}],"replies":[{"embeddable":true,"href":"https:\/\/casafreitas.pt\/loja\/wp-json\/wp\/v2\/comments?post=88050"}],"version-history":[{"count":1,"href":"https:\/\/casafreitas.pt\/loja\/wp-json\/wp\/v2\/product\/88050\/revisions"}],"predecessor-version":[{"id":88051,"href":"https:\/\/casafreitas.pt\/loja\/wp-json\/wp\/v2\/product\/88050\/revisions\/88051"}],"wp:featuredmedia":[{"embeddable":true,"href":"https:\/\/casafreitas.pt\/loja\/wp-json\/wp\/v2\/media\/88049"}],"wp:attachment":[{"href":"https:\/\/casafreitas.pt\/loja\/wp-json\/wp\/v2\/media?parent=88050"}],"wp:term":[{"taxonomy":"product_brand","embeddable":true,"href":"https:\/\/casafreitas.pt\/loja\/wp-json\/wp\/v2\/product_brand?post=88050"},{"taxonomy":"product_cat","embeddable":true,"href":"https:\/\/casafreitas.pt\/loja\/wp-json\/wp\/v2\/product_cat?post=88050"},{"taxonomy":"product_tag","embeddable":true,"href":"https:\/\/casafreitas.pt\/loja\/wp-json\/wp\/v2\/product_tag?post=88050"}],"curies":[{"name":"wp","href":"https:\/\/api.w.org\/{rel}","templated":true}]}}