{"id":88044,"date":"2025-09-26T08:56:29","date_gmt":"2025-09-26T08:56:29","guid":{"rendered":"https:\/\/casafreitas.pt\/loja\/produto\/escada-aluminio-domestica-5-passos\/"},"modified":"2025-10-24T00:55:18","modified_gmt":"2025-10-24T00:55:18","slug":"escada-aluminio-domestica-5-passos","status":"publish","type":"product","link":"https:\/\/casafreitas.pt\/loja\/produto\/escada-aluminio-domestica-5-passos\/","title":{"rendered":"Escada de alum\u00ednio dom\u00e9stica 5 passos"},"content":{"rendered":"","protected":false},"excerpt":{"rendered":"<p>Escada de alum\u00ednio dom\u00e9stica 5 passos. medidas dobradas: 45 x 10,5 x 172 cm. altura del \u00faltimo pelda\u00f1o 1,01 m. peso da escada: 3,8 kg. peso m\u00e1ximo: 150 kg<\/p>\n","protected":false},"featured_media":88043,"comment_status":"open","ping_status":"closed","template":"","meta":[],"product_brand":[],"product_cat":[17550,18004],"product_tag":[],"class_list":{"0":"post-88044","1":"product","2":"type-product","3":"status-publish","4":"has-post-thumbnail","6":"product_cat-escadas-de-aluminio-aco-construcao","7":"product_cat-construcao","9":"first","10":"instock","11":"taxable","12":"shipping-taxable","13":"purchasable","14":"product-type-simple"},"_links":{"self":[{"href":"https:\/\/casafreitas.pt\/loja\/wp-json\/wp\/v2\/product\/88044","targetHints":{"allow":["GET"]}}],"collection":[{"href":"https:\/\/casafreitas.pt\/loja\/wp-json\/wp\/v2\/product"}],"about":[{"href":"https:\/\/casafreitas.pt\/loja\/wp-json\/wp\/v2\/types\/product"}],"replies":[{"embeddable":true,"href":"https:\/\/casafreitas.pt\/loja\/wp-json\/wp\/v2\/comments?post=88044"}],"version-history":[{"count":1,"href":"https:\/\/casafreitas.pt\/loja\/wp-json\/wp\/v2\/product\/88044\/revisions"}],"predecessor-version":[{"id":88045,"href":"https:\/\/casafreitas.pt\/loja\/wp-json\/wp\/v2\/product\/88044\/revisions\/88045"}],"wp:featuredmedia":[{"embeddable":true,"href":"https:\/\/casafreitas.pt\/loja\/wp-json\/wp\/v2\/media\/88043"}],"wp:attachment":[{"href":"https:\/\/casafreitas.pt\/loja\/wp-json\/wp\/v2\/media?parent=88044"}],"wp:term":[{"taxonomy":"product_brand","embeddable":true,"href":"https:\/\/casafreitas.pt\/loja\/wp-json\/wp\/v2\/product_brand?post=88044"},{"taxonomy":"product_cat","embeddable":true,"href":"https:\/\/casafreitas.pt\/loja\/wp-json\/wp\/v2\/product_cat?post=88044"},{"taxonomy":"product_tag","embeddable":true,"href":"https:\/\/casafreitas.pt\/loja\/wp-json\/wp\/v2\/product_tag?post=88044"}],"curies":[{"name":"wp","href":"https:\/\/api.w.org\/{rel}","templated":true}]}}