{"id":87747,"date":"2025-09-26T08:40:34","date_gmt":"2025-09-26T08:40:34","guid":{"rendered":"https:\/\/casafreitas.pt\/loja\/produto\/pulverizador-industrial-multi-9-6-l\/"},"modified":"2025-10-24T00:54:59","modified_gmt":"2025-10-24T00:54:59","slug":"pulverizador-industrial-multi-9-6-l","status":"publish","type":"product","link":"https:\/\/casafreitas.pt\/loja\/produto\/pulverizador-industrial-multi-9-6-l\/","title":{"rendered":"Pulverizador industrial, multi 9, 6 l"},"content":{"rendered":"","protected":false},"excerpt":{"rendered":"<p>Pulverizador industrial, capacidade total 8 l, capacidade utiliz\u00e1vel 6 l. inclui 2 bicos de pulveriza\u00e7\u00e3o (c\u00f3nico ajust\u00e1vel e leque), al\u00e7a para poder carregar na bolsa de ombro e mangueira refor\u00e7ada de 1,3 m. empunhadura de lan\u00e7a, lan\u00e7a de dire\u00e7\u00e3o. al\u00e7a de abertura e fecho em met\u00e1lico, com grande funil integrado, v\u00e1lvula de seguran\u00e7a ajustada a 3 bar despressuriz\u00e1vel. aplica\u00e7\u00f5es industriais especiais. constru\u00e7\u00e3o (remo\u00e7\u00e3o, desinfe\u00e7\u00e3o, impermeabiliza\u00e7\u00e3o&#8230;), automotivo (limpeza de rodas, p\u00e1ra-choques&#8230;), limpeza e desinfec\u00e7\u00e3o de piscinas<\/p>\n","protected":false},"featured_media":87746,"comment_status":"open","ping_status":"closed","template":"","meta":[],"product_brand":[],"product_cat":[11488,17503],"product_tag":[12745],"class_list":{"0":"post-87747","1":"product","2":"type-product","3":"status-publish","4":"has-post-thumbnail","6":"product_cat-ferramentas","7":"product_cat-sulfatos-pulverizadores-ferramentas","8":"product_tag-ik","10":"first","11":"instock","12":"taxable","13":"shipping-taxable","14":"purchasable","15":"product-type-simple"},"_links":{"self":[{"href":"https:\/\/casafreitas.pt\/loja\/wp-json\/wp\/v2\/product\/87747","targetHints":{"allow":["GET"]}}],"collection":[{"href":"https:\/\/casafreitas.pt\/loja\/wp-json\/wp\/v2\/product"}],"about":[{"href":"https:\/\/casafreitas.pt\/loja\/wp-json\/wp\/v2\/types\/product"}],"replies":[{"embeddable":true,"href":"https:\/\/casafreitas.pt\/loja\/wp-json\/wp\/v2\/comments?post=87747"}],"version-history":[{"count":1,"href":"https:\/\/casafreitas.pt\/loja\/wp-json\/wp\/v2\/product\/87747\/revisions"}],"predecessor-version":[{"id":87748,"href":"https:\/\/casafreitas.pt\/loja\/wp-json\/wp\/v2\/product\/87747\/revisions\/87748"}],"wp:featuredmedia":[{"embeddable":true,"href":"https:\/\/casafreitas.pt\/loja\/wp-json\/wp\/v2\/media\/87746"}],"wp:attachment":[{"href":"https:\/\/casafreitas.pt\/loja\/wp-json\/wp\/v2\/media?parent=87747"}],"wp:term":[{"taxonomy":"product_brand","embeddable":true,"href":"https:\/\/casafreitas.pt\/loja\/wp-json\/wp\/v2\/product_brand?post=87747"},{"taxonomy":"product_cat","embeddable":true,"href":"https:\/\/casafreitas.pt\/loja\/wp-json\/wp\/v2\/product_cat?post=87747"},{"taxonomy":"product_tag","embeddable":true,"href":"https:\/\/casafreitas.pt\/loja\/wp-json\/wp\/v2\/product_tag?post=87747"}],"curies":[{"name":"wp","href":"https:\/\/api.w.org\/{rel}","templated":true}]}}