{"id":87297,"date":"2025-09-26T08:17:56","date_gmt":"2025-09-26T08:17:56","guid":{"rendered":"https:\/\/casafreitas.pt\/loja\/produto\/2-unid-suportes-para-armario-entre-paredes-oval-cromado-cintacor-storplanet\/"},"modified":"2025-10-24T00:54:34","modified_gmt":"2025-10-24T00:54:34","slug":"2-unid-suportes-para-armario-entre-paredes-oval-cromado-cintacor-storplanet","status":"publish","type":"product","link":"https:\/\/casafreitas.pt\/loja\/produto\/2-unid-suportes-para-armario-entre-paredes-oval-cromado-cintacor-storplanet\/","title":{"rendered":"2 unid. suportes para arm\u00e1rio entre paredes oval cromado cintacor &#8211; storplanet"},"content":{"rendered":"","protected":false},"excerpt":{"rendered":"<p>2 unid. suportes para arm\u00e1rio entre paredes oval cromado cintacor &#8211; storplanet. acabamento brilhante. manuten\u00e7\u00e3o: limpar com um pano seco<\/p>\n","protected":false},"featured_media":87296,"comment_status":"open","ping_status":"closed","template":"","meta":[],"product_brand":[],"product_cat":[12656,11488],"product_tag":[12505],"class_list":{"0":"post-87297","1":"product","2":"type-product","3":"status-publish","4":"has-post-thumbnail","6":"product_cat-acessorios-para-armarios-prateleiras","7":"product_cat-ferramentas","8":"product_tag-cintacor-storplanet","10":"first","11":"instock","12":"taxable","13":"shipping-taxable","14":"purchasable","15":"product-type-simple"},"_links":{"self":[{"href":"https:\/\/casafreitas.pt\/loja\/wp-json\/wp\/v2\/product\/87297","targetHints":{"allow":["GET"]}}],"collection":[{"href":"https:\/\/casafreitas.pt\/loja\/wp-json\/wp\/v2\/product"}],"about":[{"href":"https:\/\/casafreitas.pt\/loja\/wp-json\/wp\/v2\/types\/product"}],"replies":[{"embeddable":true,"href":"https:\/\/casafreitas.pt\/loja\/wp-json\/wp\/v2\/comments?post=87297"}],"version-history":[{"count":1,"href":"https:\/\/casafreitas.pt\/loja\/wp-json\/wp\/v2\/product\/87297\/revisions"}],"predecessor-version":[{"id":87298,"href":"https:\/\/casafreitas.pt\/loja\/wp-json\/wp\/v2\/product\/87297\/revisions\/87298"}],"wp:featuredmedia":[{"embeddable":true,"href":"https:\/\/casafreitas.pt\/loja\/wp-json\/wp\/v2\/media\/87296"}],"wp:attachment":[{"href":"https:\/\/casafreitas.pt\/loja\/wp-json\/wp\/v2\/media?parent=87297"}],"wp:term":[{"taxonomy":"product_brand","embeddable":true,"href":"https:\/\/casafreitas.pt\/loja\/wp-json\/wp\/v2\/product_brand?post=87297"},{"taxonomy":"product_cat","embeddable":true,"href":"https:\/\/casafreitas.pt\/loja\/wp-json\/wp\/v2\/product_cat?post=87297"},{"taxonomy":"product_tag","embeddable":true,"href":"https:\/\/casafreitas.pt\/loja\/wp-json\/wp\/v2\/product_tag?post=87297"}],"curies":[{"name":"wp","href":"https:\/\/api.w.org\/{rel}","templated":true}]}}