{"id":87219,"date":"2025-09-26T08:13:58","date_gmt":"2025-09-26T08:13:58","guid":{"rendered":"https:\/\/casafreitas.pt\/loja\/produto\/gancho-em-aco-inoxidavel-pequeno-19-x-30-x-15-mm-4-pecas-5-tiras-max-225-gr\/"},"modified":"2025-10-24T00:54:27","modified_gmt":"2025-10-24T00:54:27","slug":"gancho-em-aco-inoxidavel-pequeno-19-x-30-x-15-mm-4-pecas-5-tiras-max-225-gr","status":"publish","type":"product","link":"https:\/\/casafreitas.pt\/loja\/produto\/gancho-em-aco-inoxidavel-pequeno-19-x-30-x-15-mm-4-pecas-5-tiras-max-225-gr\/","title":{"rendered":"Gancho em a\u00e7o inoxid\u00e1vel, pequeno, 19 x 30 x 15 mm, 4 pe\u00e7as + 5 tiras, m\u00e1x.225 gr"},"content":{"rendered":"","protected":false},"excerpt":{"rendered":"<p>Gancho em a\u00e7o inoxid\u00e1vel, pequeno, 19 x 30 x 15 mm, 4 pe\u00e7as + 5 tiras, carga m\u00e1xima 225 gr, 17031ss-4<\/p>\n","protected":false},"featured_media":87218,"comment_status":"open","ping_status":"closed","template":"","meta":[],"product_brand":[],"product_cat":[17528,18004],"product_tag":[12332],"class_list":{"0":"post-87219","1":"product","2":"type-product","3":"status-publish","4":"has-post-thumbnail","6":"product_cat-cabides-adesivos-ventosa-construcao","7":"product_cat-construcao","8":"product_tag-command","10":"first","11":"instock","12":"taxable","13":"shipping-taxable","14":"purchasable","15":"product-type-simple"},"_links":{"self":[{"href":"https:\/\/casafreitas.pt\/loja\/wp-json\/wp\/v2\/product\/87219","targetHints":{"allow":["GET"]}}],"collection":[{"href":"https:\/\/casafreitas.pt\/loja\/wp-json\/wp\/v2\/product"}],"about":[{"href":"https:\/\/casafreitas.pt\/loja\/wp-json\/wp\/v2\/types\/product"}],"replies":[{"embeddable":true,"href":"https:\/\/casafreitas.pt\/loja\/wp-json\/wp\/v2\/comments?post=87219"}],"version-history":[{"count":1,"href":"https:\/\/casafreitas.pt\/loja\/wp-json\/wp\/v2\/product\/87219\/revisions"}],"predecessor-version":[{"id":87220,"href":"https:\/\/casafreitas.pt\/loja\/wp-json\/wp\/v2\/product\/87219\/revisions\/87220"}],"wp:featuredmedia":[{"embeddable":true,"href":"https:\/\/casafreitas.pt\/loja\/wp-json\/wp\/v2\/media\/87218"}],"wp:attachment":[{"href":"https:\/\/casafreitas.pt\/loja\/wp-json\/wp\/v2\/media?parent=87219"}],"wp:term":[{"taxonomy":"product_brand","embeddable":true,"href":"https:\/\/casafreitas.pt\/loja\/wp-json\/wp\/v2\/product_brand?post=87219"},{"taxonomy":"product_cat","embeddable":true,"href":"https:\/\/casafreitas.pt\/loja\/wp-json\/wp\/v2\/product_cat?post=87219"},{"taxonomy":"product_tag","embeddable":true,"href":"https:\/\/casafreitas.pt\/loja\/wp-json\/wp\/v2\/product_tag?post=87219"}],"curies":[{"name":"wp","href":"https:\/\/api.w.org\/{rel}","templated":true}]}}