{"id":87216,"date":"2025-09-26T08:13:48","date_gmt":"2025-09-26T08:13:48","guid":{"rendered":"https:\/\/casafreitas.pt\/loja\/produto\/gancho-branco-medio-29-x-79-x-29-mm-2-pecas-4-tiras-max-13-kg\/"},"modified":"2025-10-24T00:54:27","modified_gmt":"2025-10-24T00:54:27","slug":"gancho-branco-medio-29-x-79-x-29-mm-2-pecas-4-tiras-max-13-kg","status":"publish","type":"product","link":"https:\/\/casafreitas.pt\/loja\/produto\/gancho-branco-medio-29-x-79-x-29-mm-2-pecas-4-tiras-max-13-kg\/","title":{"rendered":"Gancho branco, m\u00e9dio, 29 x 79 x 29 mm, 2 pe\u00e7as + 4 tiras, m\u00e1x. 1,3 kg"},"content":{"rendered":"","protected":false},"excerpt":{"rendered":"<p>Gancho branco, m\u00e9dio, 29 x 79 x 29 mm, 2 pe\u00e7as + 4 tiras, 17081b, carga m\u00e1xima 1,3 kg<\/p>\n","protected":false},"featured_media":87215,"comment_status":"open","ping_status":"closed","template":"","meta":[],"product_brand":[],"product_cat":[17528,18004],"product_tag":[12332],"class_list":{"0":"post-87216","1":"product","2":"type-product","3":"status-publish","4":"has-post-thumbnail","6":"product_cat-cabides-adesivos-ventosa-construcao","7":"product_cat-construcao","8":"product_tag-command","10":"first","11":"instock","12":"taxable","13":"shipping-taxable","14":"purchasable","15":"product-type-simple"},"_links":{"self":[{"href":"https:\/\/casafreitas.pt\/loja\/wp-json\/wp\/v2\/product\/87216","targetHints":{"allow":["GET"]}}],"collection":[{"href":"https:\/\/casafreitas.pt\/loja\/wp-json\/wp\/v2\/product"}],"about":[{"href":"https:\/\/casafreitas.pt\/loja\/wp-json\/wp\/v2\/types\/product"}],"replies":[{"embeddable":true,"href":"https:\/\/casafreitas.pt\/loja\/wp-json\/wp\/v2\/comments?post=87216"}],"version-history":[{"count":1,"href":"https:\/\/casafreitas.pt\/loja\/wp-json\/wp\/v2\/product\/87216\/revisions"}],"predecessor-version":[{"id":87217,"href":"https:\/\/casafreitas.pt\/loja\/wp-json\/wp\/v2\/product\/87216\/revisions\/87217"}],"wp:featuredmedia":[{"embeddable":true,"href":"https:\/\/casafreitas.pt\/loja\/wp-json\/wp\/v2\/media\/87215"}],"wp:attachment":[{"href":"https:\/\/casafreitas.pt\/loja\/wp-json\/wp\/v2\/media?parent=87216"}],"wp:term":[{"taxonomy":"product_brand","embeddable":true,"href":"https:\/\/casafreitas.pt\/loja\/wp-json\/wp\/v2\/product_brand?post=87216"},{"taxonomy":"product_cat","embeddable":true,"href":"https:\/\/casafreitas.pt\/loja\/wp-json\/wp\/v2\/product_cat?post=87216"},{"taxonomy":"product_tag","embeddable":true,"href":"https:\/\/casafreitas.pt\/loja\/wp-json\/wp\/v2\/product_tag?post=87216"}],"curies":[{"name":"wp","href":"https:\/\/api.w.org\/{rel}","templated":true}]}}