{"id":87210,"date":"2025-09-26T08:13:30","date_gmt":"2025-09-26T08:13:30","guid":{"rendered":"https:\/\/casafreitas.pt\/loja\/produto\/gancho-para-utensilios-extra-grande-branco-1-peca-2-tiras-max-45-kg\/"},"modified":"2025-10-24T00:54:27","modified_gmt":"2025-10-24T00:54:27","slug":"gancho-para-utensilios-extra-grande-branco-1-peca-2-tiras-max-45-kg","status":"publish","type":"product","link":"https:\/\/casafreitas.pt\/loja\/produto\/gancho-para-utensilios-extra-grande-branco-1-peca-2-tiras-max-45-kg\/","title":{"rendered":"Gancho para utens\u00edlios, extra grande, branco, 1 pe\u00e7a + 2 tiras, m\u00e1x. 4,5 kg"},"content":{"rendered":"","protected":false},"excerpt":{"rendered":"<p>Gancho para utens\u00edlios, extra grande, branco, 1 pe\u00e7a + 2 tiras, carga m\u00e1xima 4,5 kg, 17010fesip<\/p>\n","protected":false},"featured_media":87209,"comment_status":"open","ping_status":"closed","template":"","meta":[],"product_brand":[],"product_cat":[17528,18004],"product_tag":[12332],"class_list":{"0":"post-87210","1":"product","2":"type-product","3":"status-publish","4":"has-post-thumbnail","6":"product_cat-cabides-adesivos-ventosa-construcao","7":"product_cat-construcao","8":"product_tag-command","10":"first","11":"instock","12":"taxable","13":"shipping-taxable","14":"purchasable","15":"product-type-simple"},"_links":{"self":[{"href":"https:\/\/casafreitas.pt\/loja\/wp-json\/wp\/v2\/product\/87210","targetHints":{"allow":["GET"]}}],"collection":[{"href":"https:\/\/casafreitas.pt\/loja\/wp-json\/wp\/v2\/product"}],"about":[{"href":"https:\/\/casafreitas.pt\/loja\/wp-json\/wp\/v2\/types\/product"}],"replies":[{"embeddable":true,"href":"https:\/\/casafreitas.pt\/loja\/wp-json\/wp\/v2\/comments?post=87210"}],"version-history":[{"count":1,"href":"https:\/\/casafreitas.pt\/loja\/wp-json\/wp\/v2\/product\/87210\/revisions"}],"predecessor-version":[{"id":87211,"href":"https:\/\/casafreitas.pt\/loja\/wp-json\/wp\/v2\/product\/87210\/revisions\/87211"}],"wp:featuredmedia":[{"embeddable":true,"href":"https:\/\/casafreitas.pt\/loja\/wp-json\/wp\/v2\/media\/87209"}],"wp:attachment":[{"href":"https:\/\/casafreitas.pt\/loja\/wp-json\/wp\/v2\/media?parent=87210"}],"wp:term":[{"taxonomy":"product_brand","embeddable":true,"href":"https:\/\/casafreitas.pt\/loja\/wp-json\/wp\/v2\/product_brand?post=87210"},{"taxonomy":"product_cat","embeddable":true,"href":"https:\/\/casafreitas.pt\/loja\/wp-json\/wp\/v2\/product_cat?post=87210"},{"taxonomy":"product_tag","embeddable":true,"href":"https:\/\/casafreitas.pt\/loja\/wp-json\/wp\/v2\/product_tag?post=87210"}],"curies":[{"name":"wp","href":"https:\/\/api.w.org\/{rel}","templated":true}]}}