{"id":87192,"date":"2025-09-26T08:12:36","date_gmt":"2025-09-26T08:12:36","guid":{"rendered":"https:\/\/casafreitas.pt\/loja\/produto\/gancho-em-metal-pequeno-niquel-acetinado-25-x-66-x-25-mm-1-peca-2-tiras-max-450g\/"},"modified":"2025-10-24T00:54:26","modified_gmt":"2025-10-24T00:54:26","slug":"gancho-em-metal-pequeno-niquel-acetinado-25-x-66-x-25-mm-1-peca-2-tiras-max-450g","status":"publish","type":"product","link":"https:\/\/casafreitas.pt\/loja\/produto\/gancho-em-metal-pequeno-niquel-acetinado-25-x-66-x-25-mm-1-peca-2-tiras-max-450g\/","title":{"rendered":"Gancho em metal, pequeno, n\u00edquel acetinado, 25 x 66 x 25 mm, 1 pe\u00e7a. + 2 tiras, m\u00e1x.450g"},"content":{"rendered":"","protected":false},"excerpt":{"rendered":"<p>Gancho em metal, pequeno, n\u00edquel acetinado, 25 x 66 x 25 mm, 1 pe\u00e7a. + 2 tiras, bath33-sn, carga m\u00e1xima 450 g<\/p>\n","protected":false},"featured_media":87191,"comment_status":"open","ping_status":"closed","template":"","meta":[],"product_brand":[],"product_cat":[17528,18004],"product_tag":[12332],"class_list":{"0":"post-87192","1":"product","2":"type-product","3":"status-publish","4":"has-post-thumbnail","6":"product_cat-cabides-adesivos-ventosa-construcao","7":"product_cat-construcao","8":"product_tag-command","10":"first","11":"instock","12":"taxable","13":"shipping-taxable","14":"purchasable","15":"product-type-simple"},"_links":{"self":[{"href":"https:\/\/casafreitas.pt\/loja\/wp-json\/wp\/v2\/product\/87192","targetHints":{"allow":["GET"]}}],"collection":[{"href":"https:\/\/casafreitas.pt\/loja\/wp-json\/wp\/v2\/product"}],"about":[{"href":"https:\/\/casafreitas.pt\/loja\/wp-json\/wp\/v2\/types\/product"}],"replies":[{"embeddable":true,"href":"https:\/\/casafreitas.pt\/loja\/wp-json\/wp\/v2\/comments?post=87192"}],"version-history":[{"count":1,"href":"https:\/\/casafreitas.pt\/loja\/wp-json\/wp\/v2\/product\/87192\/revisions"}],"predecessor-version":[{"id":87193,"href":"https:\/\/casafreitas.pt\/loja\/wp-json\/wp\/v2\/product\/87192\/revisions\/87193"}],"wp:featuredmedia":[{"embeddable":true,"href":"https:\/\/casafreitas.pt\/loja\/wp-json\/wp\/v2\/media\/87191"}],"wp:attachment":[{"href":"https:\/\/casafreitas.pt\/loja\/wp-json\/wp\/v2\/media?parent=87192"}],"wp:term":[{"taxonomy":"product_brand","embeddable":true,"href":"https:\/\/casafreitas.pt\/loja\/wp-json\/wp\/v2\/product_brand?post=87192"},{"taxonomy":"product_cat","embeddable":true,"href":"https:\/\/casafreitas.pt\/loja\/wp-json\/wp\/v2\/product_cat?post=87192"},{"taxonomy":"product_tag","embeddable":true,"href":"https:\/\/casafreitas.pt\/loja\/wp-json\/wp\/v2\/product_tag?post=87192"}],"curies":[{"name":"wp","href":"https:\/\/api.w.org\/{rel}","templated":true}]}}