{"id":87180,"date":"2025-09-26T08:11:59","date_gmt":"2025-09-26T08:11:59","guid":{"rendered":"https:\/\/casafreitas.pt\/loja\/produto\/gancho-em-metal-pequeno-niquel-polido-1-unid-2-tiras-max\/"},"modified":"2025-10-24T00:54:25","modified_gmt":"2025-10-24T00:54:25","slug":"gancho-em-metal-pequeno-niquel-polido-1-unid-2-tiras-max","status":"publish","type":"product","link":"https:\/\/casafreitas.pt\/loja\/produto\/gancho-em-metal-pequeno-niquel-polido-1-unid-2-tiras-max\/","title":{"rendered":"Gancho em metal, pequeno, n\u00edquel polido, 1 unid. + 2 tiras, m\u00e1x."},"content":{"rendered":"","protected":false},"excerpt":{"rendered":"<p>Gancho em metal, pequeno, n\u00edquel polido, 1 unidade + 2 tiras, fc11-bn, carga m\u00e1xima 450 gr<\/p>\n","protected":false},"featured_media":87179,"comment_status":"open","ping_status":"closed","template":"","meta":[],"product_brand":[],"product_cat":[17528,18004],"product_tag":[12332],"class_list":{"0":"post-87180","1":"product","2":"type-product","3":"status-publish","4":"has-post-thumbnail","6":"product_cat-cabides-adesivos-ventosa-construcao","7":"product_cat-construcao","8":"product_tag-command","10":"first","11":"instock","12":"taxable","13":"shipping-taxable","14":"purchasable","15":"product-type-simple"},"_links":{"self":[{"href":"https:\/\/casafreitas.pt\/loja\/wp-json\/wp\/v2\/product\/87180","targetHints":{"allow":["GET"]}}],"collection":[{"href":"https:\/\/casafreitas.pt\/loja\/wp-json\/wp\/v2\/product"}],"about":[{"href":"https:\/\/casafreitas.pt\/loja\/wp-json\/wp\/v2\/types\/product"}],"replies":[{"embeddable":true,"href":"https:\/\/casafreitas.pt\/loja\/wp-json\/wp\/v2\/comments?post=87180"}],"version-history":[{"count":1,"href":"https:\/\/casafreitas.pt\/loja\/wp-json\/wp\/v2\/product\/87180\/revisions"}],"predecessor-version":[{"id":87181,"href":"https:\/\/casafreitas.pt\/loja\/wp-json\/wp\/v2\/product\/87180\/revisions\/87181"}],"wp:featuredmedia":[{"embeddable":true,"href":"https:\/\/casafreitas.pt\/loja\/wp-json\/wp\/v2\/media\/87179"}],"wp:attachment":[{"href":"https:\/\/casafreitas.pt\/loja\/wp-json\/wp\/v2\/media?parent=87180"}],"wp:term":[{"taxonomy":"product_brand","embeddable":true,"href":"https:\/\/casafreitas.pt\/loja\/wp-json\/wp\/v2\/product_brand?post=87180"},{"taxonomy":"product_cat","embeddable":true,"href":"https:\/\/casafreitas.pt\/loja\/wp-json\/wp\/v2\/product_cat?post=87180"},{"taxonomy":"product_tag","embeddable":true,"href":"https:\/\/casafreitas.pt\/loja\/wp-json\/wp\/v2\/product_tag?post=87180"}],"curies":[{"name":"wp","href":"https:\/\/api.w.org\/{rel}","templated":true}]}}