{"id":86753,"date":"2025-09-26T00:56:37","date_gmt":"2025-09-26T00:56:37","guid":{"rendered":"https:\/\/casafreitas.pt\/loja\/produto\/gancho-aderente-reutilizavel-com-3-ganchos-moveis-aco-inoxidavel-1293-7-inofix\/"},"modified":"2025-10-24T00:54:03","modified_gmt":"2025-10-24T00:54:03","slug":"gancho-aderente-reutilizavel-com-3-ganchos-moveis-aco-inoxidavel-1293-7-inofix","status":"publish","type":"product","link":"https:\/\/casafreitas.pt\/loja\/produto\/gancho-aderente-reutilizavel-com-3-ganchos-moveis-aco-inoxidavel-1293-7-inofix\/","title":{"rendered":"Gancho aderente reutiliz\u00e1vel com 3 ganchos m\u00f3veis a\u00e7o inoxidavel 1293-7 inofix"},"content":{"rendered":"","protected":false},"excerpt":{"rendered":"<p>Gancho aderente reutiliz\u00e1vel com 3 ganchos m\u00f3veis a\u00e7o inoxidavel medidas: 8,1x29x2,2cm suporta um m\u00e1ximo de 10kg de peso. inofix<\/p>\n","protected":false},"featured_media":86752,"comment_status":"open","ping_status":"closed","template":"","meta":[],"product_brand":[],"product_cat":[17528,18004],"product_tag":[],"class_list":{"0":"post-86753","1":"product","2":"type-product","3":"status-publish","4":"has-post-thumbnail","6":"product_cat-cabides-adesivos-ventosa-construcao","7":"product_cat-construcao","9":"first","10":"instock","11":"taxable","12":"shipping-taxable","13":"purchasable","14":"product-type-simple"},"_links":{"self":[{"href":"https:\/\/casafreitas.pt\/loja\/wp-json\/wp\/v2\/product\/86753","targetHints":{"allow":["GET"]}}],"collection":[{"href":"https:\/\/casafreitas.pt\/loja\/wp-json\/wp\/v2\/product"}],"about":[{"href":"https:\/\/casafreitas.pt\/loja\/wp-json\/wp\/v2\/types\/product"}],"replies":[{"embeddable":true,"href":"https:\/\/casafreitas.pt\/loja\/wp-json\/wp\/v2\/comments?post=86753"}],"version-history":[{"count":1,"href":"https:\/\/casafreitas.pt\/loja\/wp-json\/wp\/v2\/product\/86753\/revisions"}],"predecessor-version":[{"id":86754,"href":"https:\/\/casafreitas.pt\/loja\/wp-json\/wp\/v2\/product\/86753\/revisions\/86754"}],"wp:featuredmedia":[{"embeddable":true,"href":"https:\/\/casafreitas.pt\/loja\/wp-json\/wp\/v2\/media\/86752"}],"wp:attachment":[{"href":"https:\/\/casafreitas.pt\/loja\/wp-json\/wp\/v2\/media?parent=86753"}],"wp:term":[{"taxonomy":"product_brand","embeddable":true,"href":"https:\/\/casafreitas.pt\/loja\/wp-json\/wp\/v2\/product_brand?post=86753"},{"taxonomy":"product_cat","embeddable":true,"href":"https:\/\/casafreitas.pt\/loja\/wp-json\/wp\/v2\/product_cat?post=86753"},{"taxonomy":"product_tag","embeddable":true,"href":"https:\/\/casafreitas.pt\/loja\/wp-json\/wp\/v2\/product_tag?post=86753"}],"curies":[{"name":"wp","href":"https:\/\/api.w.org\/{rel}","templated":true}]}}