{"id":86054,"date":"2025-09-26T00:12:59","date_gmt":"2025-09-26T00:12:59","guid":{"rendered":"https:\/\/casafreitas.pt\/loja\/produto\/abracadeiras-nylon-gbn-36-x-150-mm-verde-100-uds\/"},"modified":"2025-10-24T00:53:19","modified_gmt":"2025-10-24T00:53:19","slug":"abracadeiras-nylon-gbn-36-x-150-mm-verde-100-uds","status":"publish","type":"product","link":"https:\/\/casafreitas.pt\/loja\/produto\/abracadeiras-nylon-gbn-36-x-150-mm-verde-100-uds\/","title":{"rendered":"Abra\u00e7adeiras de nylon gbn 3,6 x 150 mm verde 100 uds"},"content":{"rendered":"","protected":false},"excerpt":{"rendered":"<p>Flange nylon gbn 3,6 x 150 mm. saco com 100 unidades, gravata verde, bn e ubn s\u00e3o uma fixa\u00e7\u00e3o econ\u00f3mica de nylon de elevada qualidade. para a montagem, coloque simplesmente a abra\u00e7adeira \u00e0 volta do objeto a prendido e puxe a fita atrav\u00e9s da cabe\u00e7a da abra\u00e7adeira. o engate da aba na engrenagem garante uma fixa\u00e7\u00e3o duradoura. a abra\u00e7adeira \u00e9 ideal para amarrar cabos el\u00e9tricos, condutos de a\u00e7o e tubos isolantes pl\u00e1sticos<\/p>\n","protected":false},"featured_media":86053,"comment_status":"open","ping_status":"closed","template":"","meta":[],"product_brand":[],"product_cat":[12732,18004],"product_tag":[],"class_list":{"0":"post-86054","1":"product","2":"type-product","3":"status-publish","4":"has-post-thumbnail","6":"product_cat-abracadeiras-taco-para-abracadeiras","7":"product_cat-construcao","9":"first","10":"instock","11":"taxable","12":"shipping-taxable","13":"purchasable","14":"product-type-simple"},"_links":{"self":[{"href":"https:\/\/casafreitas.pt\/loja\/wp-json\/wp\/v2\/product\/86054","targetHints":{"allow":["GET"]}}],"collection":[{"href":"https:\/\/casafreitas.pt\/loja\/wp-json\/wp\/v2\/product"}],"about":[{"href":"https:\/\/casafreitas.pt\/loja\/wp-json\/wp\/v2\/types\/product"}],"replies":[{"embeddable":true,"href":"https:\/\/casafreitas.pt\/loja\/wp-json\/wp\/v2\/comments?post=86054"}],"version-history":[{"count":1,"href":"https:\/\/casafreitas.pt\/loja\/wp-json\/wp\/v2\/product\/86054\/revisions"}],"predecessor-version":[{"id":86055,"href":"https:\/\/casafreitas.pt\/loja\/wp-json\/wp\/v2\/product\/86054\/revisions\/86055"}],"wp:featuredmedia":[{"embeddable":true,"href":"https:\/\/casafreitas.pt\/loja\/wp-json\/wp\/v2\/media\/86053"}],"wp:attachment":[{"href":"https:\/\/casafreitas.pt\/loja\/wp-json\/wp\/v2\/media?parent=86054"}],"wp:term":[{"taxonomy":"product_brand","embeddable":true,"href":"https:\/\/casafreitas.pt\/loja\/wp-json\/wp\/v2\/product_brand?post=86054"},{"taxonomy":"product_cat","embeddable":true,"href":"https:\/\/casafreitas.pt\/loja\/wp-json\/wp\/v2\/product_cat?post=86054"},{"taxonomy":"product_tag","embeddable":true,"href":"https:\/\/casafreitas.pt\/loja\/wp-json\/wp\/v2\/product_tag?post=86054"}],"curies":[{"name":"wp","href":"https:\/\/api.w.org\/{rel}","templated":true}]}}