{"id":85832,"date":"2025-09-25T23:57:18","date_gmt":"2025-09-25T23:57:18","guid":{"rendered":"https:\/\/casafreitas.pt\/loja\/produto\/cinta-logistrap-amarelo-pack-2-unidades-50mm-x-4m\/"},"modified":"2025-10-24T00:53:07","modified_gmt":"2025-10-24T00:53:07","slug":"cinta-logistrap-amarelo-pack-2-unidades-50mm-x-4m","status":"publish","type":"product","link":"https:\/\/casafreitas.pt\/loja\/produto\/cinta-logistrap-amarelo-pack-2-unidades-50mm-x-4m\/","title":{"rendered":"Cinta logistrap, amarelo, pack 2 unidades, 50mm x 4m"},"content":{"rendered":"","protected":false},"excerpt":{"rendered":"<p>Cinta logistirap multiusos com largura de 50mm e comprimento de 4m, para fixa\u00e7\u00e3o de cargas em substitui\u00e7\u00e3o da pel\u00edcula de uso \u00fanico. muito adequado para cargas voluminosas e leves, paletes com grandes caixas ou tambores. uso altamente recomendado para log\u00edstica interna de empresas, reduzindo o uso de pel\u00edculas para embalagens e a consequente gest\u00e3o de res\u00edduos. pacote de 2 unidades.<\/p>\n","protected":false},"featured_media":85831,"comment_status":"open","ping_status":"closed","template":"","meta":[],"product_brand":[],"product_cat":[11488,14504],"product_tag":[12310],"class_list":{"0":"post-85832","1":"product","2":"type-product","3":"status-publish","4":"has-post-thumbnail","6":"product_cat-ferramentas","7":"product_cat-ferramentas-de-reparacao-ferramentas","8":"product_tag-velcro","10":"first","11":"instock","12":"taxable","13":"shipping-taxable","14":"purchasable","15":"product-type-simple"},"_links":{"self":[{"href":"https:\/\/casafreitas.pt\/loja\/wp-json\/wp\/v2\/product\/85832","targetHints":{"allow":["GET"]}}],"collection":[{"href":"https:\/\/casafreitas.pt\/loja\/wp-json\/wp\/v2\/product"}],"about":[{"href":"https:\/\/casafreitas.pt\/loja\/wp-json\/wp\/v2\/types\/product"}],"replies":[{"embeddable":true,"href":"https:\/\/casafreitas.pt\/loja\/wp-json\/wp\/v2\/comments?post=85832"}],"version-history":[{"count":1,"href":"https:\/\/casafreitas.pt\/loja\/wp-json\/wp\/v2\/product\/85832\/revisions"}],"predecessor-version":[{"id":85833,"href":"https:\/\/casafreitas.pt\/loja\/wp-json\/wp\/v2\/product\/85832\/revisions\/85833"}],"wp:featuredmedia":[{"embeddable":true,"href":"https:\/\/casafreitas.pt\/loja\/wp-json\/wp\/v2\/media\/85831"}],"wp:attachment":[{"href":"https:\/\/casafreitas.pt\/loja\/wp-json\/wp\/v2\/media?parent=85832"}],"wp:term":[{"taxonomy":"product_brand","embeddable":true,"href":"https:\/\/casafreitas.pt\/loja\/wp-json\/wp\/v2\/product_brand?post=85832"},{"taxonomy":"product_cat","embeddable":true,"href":"https:\/\/casafreitas.pt\/loja\/wp-json\/wp\/v2\/product_cat?post=85832"},{"taxonomy":"product_tag","embeddable":true,"href":"https:\/\/casafreitas.pt\/loja\/wp-json\/wp\/v2\/product_tag?post=85832"}],"curies":[{"name":"wp","href":"https:\/\/api.w.org\/{rel}","templated":true}]}}