{"id":85748,"date":"2025-09-25T23:52:37","date_gmt":"2025-09-25T23:52:37","guid":{"rendered":"https:\/\/casafreitas.pt\/loja\/produto\/malha-protecao-andaime-3x10m-fun-go\/"},"modified":"2025-10-24T00:53:02","modified_gmt":"2025-10-24T00:53:02","slug":"malha-protecao-andaime-3x10m-fun-go","status":"publish","type":"product","link":"https:\/\/casafreitas.pt\/loja\/produto\/malha-protecao-andaime-3x10m-fun-go\/","title":{"rendered":"Malha de prote\u00e7\u00e3o andaime 3x10m fun &amp; go"},"content":{"rendered":"","protected":false},"excerpt":{"rendered":"<p>Malha de prote\u00e7\u00e3o andaime 3x10m fun &amp; go. malha ideal para prote\u00e7\u00e3o de fachadas e andaimes. longa durabilidade. resistente \u00e0 intemp\u00e9rie e aos riscos uv. n\u00e3o desfia. leve e f\u00e1cil de instalar<\/p>\n","protected":false},"featured_media":85747,"comment_status":"open","ping_status":"closed","template":"","meta":[],"product_brand":[],"product_cat":[11488,17492],"product_tag":[],"class_list":{"0":"post-85748","1":"product","2":"type-product","3":"status-publish","4":"has-post-thumbnail","6":"product_cat-ferramentas","7":"product_cat-protecao-de-construcao-ferramentas","9":"first","10":"instock","11":"taxable","12":"shipping-taxable","13":"purchasable","14":"product-type-simple"},"_links":{"self":[{"href":"https:\/\/casafreitas.pt\/loja\/wp-json\/wp\/v2\/product\/85748","targetHints":{"allow":["GET"]}}],"collection":[{"href":"https:\/\/casafreitas.pt\/loja\/wp-json\/wp\/v2\/product"}],"about":[{"href":"https:\/\/casafreitas.pt\/loja\/wp-json\/wp\/v2\/types\/product"}],"replies":[{"embeddable":true,"href":"https:\/\/casafreitas.pt\/loja\/wp-json\/wp\/v2\/comments?post=85748"}],"version-history":[{"count":1,"href":"https:\/\/casafreitas.pt\/loja\/wp-json\/wp\/v2\/product\/85748\/revisions"}],"predecessor-version":[{"id":85749,"href":"https:\/\/casafreitas.pt\/loja\/wp-json\/wp\/v2\/product\/85748\/revisions\/85749"}],"wp:featuredmedia":[{"embeddable":true,"href":"https:\/\/casafreitas.pt\/loja\/wp-json\/wp\/v2\/media\/85747"}],"wp:attachment":[{"href":"https:\/\/casafreitas.pt\/loja\/wp-json\/wp\/v2\/media?parent=85748"}],"wp:term":[{"taxonomy":"product_brand","embeddable":true,"href":"https:\/\/casafreitas.pt\/loja\/wp-json\/wp\/v2\/product_brand?post=85748"},{"taxonomy":"product_cat","embeddable":true,"href":"https:\/\/casafreitas.pt\/loja\/wp-json\/wp\/v2\/product_cat?post=85748"},{"taxonomy":"product_tag","embeddable":true,"href":"https:\/\/casafreitas.pt\/loja\/wp-json\/wp\/v2\/product_tag?post=85748"}],"curies":[{"name":"wp","href":"https:\/\/api.w.org\/{rel}","templated":true}]}}