{"id":85562,"date":"2025-09-25T23:42:50","date_gmt":"2025-09-25T23:42:50","guid":{"rendered":"https:\/\/casafreitas.pt\/loja\/produto\/fitas-universais-aluminio-com-protetor-50-microns-50-mm-x-10-m\/"},"modified":"2025-10-24T00:52:53","modified_gmt":"2025-10-24T00:52:53","slug":"fitas-universais-aluminio-com-protetor-50-microns-50-mm-x-10-m","status":"publish","type":"product","link":"https:\/\/casafreitas.pt\/loja\/produto\/fitas-universais-aluminio-com-protetor-50-microns-50-mm-x-10-m\/","title":{"rendered":"Fitas universais de alum\u00ednio com protetor 50 microns 50 mm x 10 m"},"content":{"rendered":"","protected":false},"excerpt":{"rendered":"<p>Fitas universais de alum\u00ednio 50 microns 50 mm x 10 m com protetor para aplica\u00e7\u00f5es de canaliza\u00e7\u00e3o. adequado para veda\u00e7\u00e3o permanente de isolamento e tubos.<\/p>\n","protected":false},"featured_media":85561,"comment_status":"open","ping_status":"closed","template":"","meta":[],"product_brand":[],"product_cat":[17573,18004],"product_tag":[],"class_list":{"0":"post-85562","1":"product","2":"type-product","3":"status-publish","4":"has-post-thumbnail","6":"product_cat-fitas-de-aluminio-construcao","7":"product_cat-construcao","9":"first","10":"instock","11":"taxable","12":"shipping-taxable","13":"purchasable","14":"product-type-simple"},"_links":{"self":[{"href":"https:\/\/casafreitas.pt\/loja\/wp-json\/wp\/v2\/product\/85562","targetHints":{"allow":["GET"]}}],"collection":[{"href":"https:\/\/casafreitas.pt\/loja\/wp-json\/wp\/v2\/product"}],"about":[{"href":"https:\/\/casafreitas.pt\/loja\/wp-json\/wp\/v2\/types\/product"}],"replies":[{"embeddable":true,"href":"https:\/\/casafreitas.pt\/loja\/wp-json\/wp\/v2\/comments?post=85562"}],"version-history":[{"count":1,"href":"https:\/\/casafreitas.pt\/loja\/wp-json\/wp\/v2\/product\/85562\/revisions"}],"predecessor-version":[{"id":85563,"href":"https:\/\/casafreitas.pt\/loja\/wp-json\/wp\/v2\/product\/85562\/revisions\/85563"}],"wp:featuredmedia":[{"embeddable":true,"href":"https:\/\/casafreitas.pt\/loja\/wp-json\/wp\/v2\/media\/85561"}],"wp:attachment":[{"href":"https:\/\/casafreitas.pt\/loja\/wp-json\/wp\/v2\/media?parent=85562"}],"wp:term":[{"taxonomy":"product_brand","embeddable":true,"href":"https:\/\/casafreitas.pt\/loja\/wp-json\/wp\/v2\/product_brand?post=85562"},{"taxonomy":"product_cat","embeddable":true,"href":"https:\/\/casafreitas.pt\/loja\/wp-json\/wp\/v2\/product_cat?post=85562"},{"taxonomy":"product_tag","embeddable":true,"href":"https:\/\/casafreitas.pt\/loja\/wp-json\/wp\/v2\/product_tag?post=85562"}],"curies":[{"name":"wp","href":"https:\/\/api.w.org\/{rel}","templated":true}]}}