{"id":84260,"date":"2025-09-25T20:17:26","date_gmt":"2025-09-25T20:17:26","guid":{"rendered":"https:\/\/casafreitas.pt\/loja\/produto\/filtros-cooler-embalagem-3-unidades\/"},"modified":"2025-10-24T00:51:39","modified_gmt":"2025-10-24T00:51:39","slug":"filtros-cooler-embalagem-3-unidades","status":"publish","type":"product","link":"https:\/\/casafreitas.pt\/loja\/produto\/filtros-cooler-embalagem-3-unidades\/","title":{"rendered":"Filtros cooler, embalagem de 3 unidades"},"content":{"rendered":"","protected":false},"excerpt":{"rendered":"<p>3 filtros para jarro e frigor\u00edfico. dura\u00e7\u00e3o aproximada de 1 filtro: 100 l ou 1 m\u00eas. filtros de carv\u00e3o ativado que absorvem a \u00e1gua da torneira e reduzem a cal, cloro, micropl\u00e1sticos, etc. melhorando o sabor da \u00e1gua<\/p>\n","protected":false},"featured_media":84259,"comment_status":"open","ping_status":"closed","template":"","meta":[],"product_brand":[],"product_cat":[17621,18004],"product_tag":[12715],"class_list":{"0":"post-84260","1":"product","2":"type-product","3":"status-publish","4":"has-post-thumbnail","6":"product_cat-pecas-de-reposicao-para-filtragem-de-agua-construcao","7":"product_cat-construcao","8":"product_tag-aqua-optima","10":"first","11":"instock","12":"taxable","13":"shipping-taxable","14":"purchasable","15":"product-type-simple"},"_links":{"self":[{"href":"https:\/\/casafreitas.pt\/loja\/wp-json\/wp\/v2\/product\/84260","targetHints":{"allow":["GET"]}}],"collection":[{"href":"https:\/\/casafreitas.pt\/loja\/wp-json\/wp\/v2\/product"}],"about":[{"href":"https:\/\/casafreitas.pt\/loja\/wp-json\/wp\/v2\/types\/product"}],"replies":[{"embeddable":true,"href":"https:\/\/casafreitas.pt\/loja\/wp-json\/wp\/v2\/comments?post=84260"}],"version-history":[{"count":1,"href":"https:\/\/casafreitas.pt\/loja\/wp-json\/wp\/v2\/product\/84260\/revisions"}],"predecessor-version":[{"id":84261,"href":"https:\/\/casafreitas.pt\/loja\/wp-json\/wp\/v2\/product\/84260\/revisions\/84261"}],"wp:featuredmedia":[{"embeddable":true,"href":"https:\/\/casafreitas.pt\/loja\/wp-json\/wp\/v2\/media\/84259"}],"wp:attachment":[{"href":"https:\/\/casafreitas.pt\/loja\/wp-json\/wp\/v2\/media?parent=84260"}],"wp:term":[{"taxonomy":"product_brand","embeddable":true,"href":"https:\/\/casafreitas.pt\/loja\/wp-json\/wp\/v2\/product_brand?post=84260"},{"taxonomy":"product_cat","embeddable":true,"href":"https:\/\/casafreitas.pt\/loja\/wp-json\/wp\/v2\/product_cat?post=84260"},{"taxonomy":"product_tag","embeddable":true,"href":"https:\/\/casafreitas.pt\/loja\/wp-json\/wp\/v2\/product_tag?post=84260"}],"curies":[{"name":"wp","href":"https:\/\/api.w.org\/{rel}","templated":true}]}}