{"id":83723,"date":"2025-09-25T19:35:23","date_gmt":"2025-09-25T19:35:23","guid":{"rendered":"https:\/\/casafreitas.pt\/loja\/produto\/alicate-bico-papagaio-300-mm-12\/"},"modified":"2025-10-24T00:51:07","modified_gmt":"2025-10-24T00:51:07","slug":"alicate-bico-papagaio-300-mm-12","status":"publish","type":"product","link":"https:\/\/casafreitas.pt\/loja\/produto\/alicate-bico-papagaio-300-mm-12\/","title":{"rendered":"Alicate bico de papagaio de 300 mm (12&#8243;)"},"content":{"rendered":"","protected":false},"excerpt":{"rendered":"<p>Alicate bico de papagaio de 300 mm (12&#8243;) . material a\u00e7o forjado, em cromo-vanadium. morda\u00e7a em v. zona de agarre revestidas, confort\u00e1vel e bimaterial. azul e vermelho.<\/p>\n","protected":false},"featured_media":83722,"comment_status":"open","ping_status":"closed","template":"","meta":[],"product_brand":[],"product_cat":[13998,11488],"product_tag":[],"class_list":{"0":"post-83723","1":"product","2":"type-product","3":"status-publish","4":"has-post-thumbnail","6":"product_cat-alicate-ajustavel","7":"product_cat-ferramentas","9":"first","10":"instock","11":"taxable","12":"shipping-taxable","13":"purchasable","14":"product-type-simple"},"_links":{"self":[{"href":"https:\/\/casafreitas.pt\/loja\/wp-json\/wp\/v2\/product\/83723","targetHints":{"allow":["GET"]}}],"collection":[{"href":"https:\/\/casafreitas.pt\/loja\/wp-json\/wp\/v2\/product"}],"about":[{"href":"https:\/\/casafreitas.pt\/loja\/wp-json\/wp\/v2\/types\/product"}],"replies":[{"embeddable":true,"href":"https:\/\/casafreitas.pt\/loja\/wp-json\/wp\/v2\/comments?post=83723"}],"version-history":[{"count":1,"href":"https:\/\/casafreitas.pt\/loja\/wp-json\/wp\/v2\/product\/83723\/revisions"}],"predecessor-version":[{"id":83724,"href":"https:\/\/casafreitas.pt\/loja\/wp-json\/wp\/v2\/product\/83723\/revisions\/83724"}],"wp:featuredmedia":[{"embeddable":true,"href":"https:\/\/casafreitas.pt\/loja\/wp-json\/wp\/v2\/media\/83722"}],"wp:attachment":[{"href":"https:\/\/casafreitas.pt\/loja\/wp-json\/wp\/v2\/media?parent=83723"}],"wp:term":[{"taxonomy":"product_brand","embeddable":true,"href":"https:\/\/casafreitas.pt\/loja\/wp-json\/wp\/v2\/product_brand?post=83723"},{"taxonomy":"product_cat","embeddable":true,"href":"https:\/\/casafreitas.pt\/loja\/wp-json\/wp\/v2\/product_cat?post=83723"},{"taxonomy":"product_tag","embeddable":true,"href":"https:\/\/casafreitas.pt\/loja\/wp-json\/wp\/v2\/product_tag?post=83723"}],"curies":[{"name":"wp","href":"https:\/\/api.w.org\/{rel}","templated":true}]}}