{"id":83558,"date":"2025-09-25T19:23:44","date_gmt":"2025-09-25T19:23:44","guid":{"rendered":"https:\/\/casafreitas.pt\/loja\/produto\/raps-200-mm-conjunto-3-pecas\/"},"modified":"2025-10-24T00:50:57","modified_gmt":"2025-10-24T00:50:57","slug":"raps-200-mm-conjunto-3-pecas","status":"publish","type":"product","link":"https:\/\/casafreitas.pt\/loja\/produto\/raps-200-mm-conjunto-3-pecas\/","title":{"rendered":"Raps 200 mm, conjunto de 3 pe\u00e7as"},"content":{"rendered":"","protected":false},"excerpt":{"rendered":"<p>Conjunto de 3 raps de 200 mm. o a\u00e7o 45 tratado t\u00e9rmico \u00e9 mais resistente ao desgaste. punho ergon\u00f4mico, modo c grip. com furo para suspens\u00e3o, conveniente para armazenamento. adequado para limar e polir madeira<\/p>\n","protected":false},"featured_media":83557,"comment_status":"open","ping_status":"closed","template":"","meta":[],"product_brand":[],"product_cat":[11488,15646],"product_tag":[],"class_list":{"0":"post-83558","1":"product","2":"type-product","3":"status-publish","4":"has-post-thumbnail","6":"product_cat-ferramentas","7":"product_cat-ferramentas-de-carpintaria-ferramentas","9":"first","10":"instock","11":"taxable","12":"shipping-taxable","13":"purchasable","14":"product-type-simple"},"_links":{"self":[{"href":"https:\/\/casafreitas.pt\/loja\/wp-json\/wp\/v2\/product\/83558","targetHints":{"allow":["GET"]}}],"collection":[{"href":"https:\/\/casafreitas.pt\/loja\/wp-json\/wp\/v2\/product"}],"about":[{"href":"https:\/\/casafreitas.pt\/loja\/wp-json\/wp\/v2\/types\/product"}],"replies":[{"embeddable":true,"href":"https:\/\/casafreitas.pt\/loja\/wp-json\/wp\/v2\/comments?post=83558"}],"version-history":[{"count":1,"href":"https:\/\/casafreitas.pt\/loja\/wp-json\/wp\/v2\/product\/83558\/revisions"}],"predecessor-version":[{"id":83559,"href":"https:\/\/casafreitas.pt\/loja\/wp-json\/wp\/v2\/product\/83558\/revisions\/83559"}],"wp:featuredmedia":[{"embeddable":true,"href":"https:\/\/casafreitas.pt\/loja\/wp-json\/wp\/v2\/media\/83557"}],"wp:attachment":[{"href":"https:\/\/casafreitas.pt\/loja\/wp-json\/wp\/v2\/media?parent=83558"}],"wp:term":[{"taxonomy":"product_brand","embeddable":true,"href":"https:\/\/casafreitas.pt\/loja\/wp-json\/wp\/v2\/product_brand?post=83558"},{"taxonomy":"product_cat","embeddable":true,"href":"https:\/\/casafreitas.pt\/loja\/wp-json\/wp\/v2\/product_cat?post=83558"},{"taxonomy":"product_tag","embeddable":true,"href":"https:\/\/casafreitas.pt\/loja\/wp-json\/wp\/v2\/product_tag?post=83558"}],"curies":[{"name":"wp","href":"https:\/\/api.w.org\/{rel}","templated":true}]}}