{"id":83510,"date":"2025-09-25T19:20:27","date_gmt":"2025-09-25T19:20:27","guid":{"rendered":"https:\/\/casafreitas.pt\/loja\/produto\/chave-fixa-16-17mm\/"},"modified":"2025-10-24T00:50:55","modified_gmt":"2025-10-24T00:50:55","slug":"chave-fixa-16-17mm","status":"publish","type":"product","link":"https:\/\/casafreitas.pt\/loja\/produto\/chave-fixa-16-17mm\/","title":{"rendered":"Chave fixa 16 &#8211; 17mm"},"content":{"rendered":"","protected":false},"excerpt":{"rendered":"<p>Chave fixa 16 &#8211; 17mm. a\u00e7o cromo-van\u00e1dio, cromado. tratado t\u00e9rmico e temperado para atender ou exceder os padr\u00f5es ansi de for\u00e7a e durabilidade<\/p>\n","protected":false},"featured_media":83509,"comment_status":"open","ping_status":"closed","template":"","meta":[],"product_brand":[],"product_cat":[16103,11488],"product_tag":[],"class_list":{"0":"post-83510","1":"product","2":"type-product","3":"status-publish","4":"has-post-thumbnail","6":"product_cat-chaves-e-catracas-ferramentas","7":"product_cat-ferramentas","9":"first","10":"instock","11":"taxable","12":"shipping-taxable","13":"purchasable","14":"product-type-simple"},"_links":{"self":[{"href":"https:\/\/casafreitas.pt\/loja\/wp-json\/wp\/v2\/product\/83510","targetHints":{"allow":["GET"]}}],"collection":[{"href":"https:\/\/casafreitas.pt\/loja\/wp-json\/wp\/v2\/product"}],"about":[{"href":"https:\/\/casafreitas.pt\/loja\/wp-json\/wp\/v2\/types\/product"}],"replies":[{"embeddable":true,"href":"https:\/\/casafreitas.pt\/loja\/wp-json\/wp\/v2\/comments?post=83510"}],"version-history":[{"count":1,"href":"https:\/\/casafreitas.pt\/loja\/wp-json\/wp\/v2\/product\/83510\/revisions"}],"predecessor-version":[{"id":83511,"href":"https:\/\/casafreitas.pt\/loja\/wp-json\/wp\/v2\/product\/83510\/revisions\/83511"}],"wp:featuredmedia":[{"embeddable":true,"href":"https:\/\/casafreitas.pt\/loja\/wp-json\/wp\/v2\/media\/83509"}],"wp:attachment":[{"href":"https:\/\/casafreitas.pt\/loja\/wp-json\/wp\/v2\/media?parent=83510"}],"wp:term":[{"taxonomy":"product_brand","embeddable":true,"href":"https:\/\/casafreitas.pt\/loja\/wp-json\/wp\/v2\/product_brand?post=83510"},{"taxonomy":"product_cat","embeddable":true,"href":"https:\/\/casafreitas.pt\/loja\/wp-json\/wp\/v2\/product_cat?post=83510"},{"taxonomy":"product_tag","embeddable":true,"href":"https:\/\/casafreitas.pt\/loja\/wp-json\/wp\/v2\/product_tag?post=83510"}],"curies":[{"name":"wp","href":"https:\/\/api.w.org\/{rel}","templated":true}]}}