{"id":83507,"date":"2025-09-25T19:20:14","date_gmt":"2025-09-25T19:20:14","guid":{"rendered":"https:\/\/casafreitas.pt\/loja\/produto\/chave-fixa-8-9-mm\/"},"modified":"2025-10-24T00:50:55","modified_gmt":"2025-10-24T00:50:55","slug":"chave-fixa-8-9-mm","status":"publish","type":"product","link":"https:\/\/casafreitas.pt\/loja\/produto\/chave-fixa-8-9-mm\/","title":{"rendered":"Chave fixa 8 &#8211; 9 mm."},"content":{"rendered":"","protected":false},"excerpt":{"rendered":"<p>Chave fixa de 8 &#8211; 9 mm. a\u00e7o cromo-van\u00e1dio, cromado. tratado t\u00e9rmico e temperado para atender ou exceder os padr\u00f5es ansi de for\u00e7a e durabilidade<\/p>\n","protected":false},"featured_media":83506,"comment_status":"open","ping_status":"closed","template":"","meta":[],"product_brand":[],"product_cat":[16103,11488],"product_tag":[],"class_list":{"0":"post-83507","1":"product","2":"type-product","3":"status-publish","4":"has-post-thumbnail","6":"product_cat-chaves-e-catracas-ferramentas","7":"product_cat-ferramentas","9":"first","10":"instock","11":"taxable","12":"shipping-taxable","13":"purchasable","14":"product-type-simple"},"_links":{"self":[{"href":"https:\/\/casafreitas.pt\/loja\/wp-json\/wp\/v2\/product\/83507","targetHints":{"allow":["GET"]}}],"collection":[{"href":"https:\/\/casafreitas.pt\/loja\/wp-json\/wp\/v2\/product"}],"about":[{"href":"https:\/\/casafreitas.pt\/loja\/wp-json\/wp\/v2\/types\/product"}],"replies":[{"embeddable":true,"href":"https:\/\/casafreitas.pt\/loja\/wp-json\/wp\/v2\/comments?post=83507"}],"version-history":[{"count":1,"href":"https:\/\/casafreitas.pt\/loja\/wp-json\/wp\/v2\/product\/83507\/revisions"}],"predecessor-version":[{"id":83508,"href":"https:\/\/casafreitas.pt\/loja\/wp-json\/wp\/v2\/product\/83507\/revisions\/83508"}],"wp:featuredmedia":[{"embeddable":true,"href":"https:\/\/casafreitas.pt\/loja\/wp-json\/wp\/v2\/media\/83506"}],"wp:attachment":[{"href":"https:\/\/casafreitas.pt\/loja\/wp-json\/wp\/v2\/media?parent=83507"}],"wp:term":[{"taxonomy":"product_brand","embeddable":true,"href":"https:\/\/casafreitas.pt\/loja\/wp-json\/wp\/v2\/product_brand?post=83507"},{"taxonomy":"product_cat","embeddable":true,"href":"https:\/\/casafreitas.pt\/loja\/wp-json\/wp\/v2\/product_cat?post=83507"},{"taxonomy":"product_tag","embeddable":true,"href":"https:\/\/casafreitas.pt\/loja\/wp-json\/wp\/v2\/product_tag?post=83507"}],"curies":[{"name":"wp","href":"https:\/\/api.w.org\/{rel}","templated":true}]}}