{"id":83501,"date":"2025-09-25T19:19:50","date_gmt":"2025-09-25T19:19:50","guid":{"rendered":"https:\/\/casafreitas.pt\/loja\/produto\/grampo-aperto-embolo-45-cm\/"},"modified":"2025-10-24T00:50:54","modified_gmt":"2025-10-24T00:50:54","slug":"grampo-aperto-embolo-45-cm","status":"publish","type":"product","link":"https:\/\/casafreitas.pt\/loja\/produto\/grampo-aperto-embolo-45-cm\/","title":{"rendered":"Grampo de aperto de \u00eambolo 45 cm"},"content":{"rendered":"","protected":false},"excerpt":{"rendered":"<p>Grampo de barra de a\u00e7o de 45 cm (18&#8243;). liberta\u00e7\u00e3o r\u00e1pida. cabo de borracha com formato ergon\u00f3mico. duas almofadas de fixa\u00e7\u00e3o protegem as pe\u00e7as de trabalho contra danos. os parafusos de a\u00e7o trefilados a frio melhoram a capacidade de fixa\u00e7\u00e3o. cabe\u00e7a fixa prensada e rebitada aumenta o poder de fixa\u00e7\u00e3o<\/p>\n","protected":false},"featured_media":83500,"comment_status":"open","ping_status":"closed","template":"","meta":[],"product_brand":[],"product_cat":[11488,13534],"product_tag":[],"class_list":{"0":"post-83501","1":"product","2":"type-product","3":"status-publish","4":"has-post-thumbnail","6":"product_cat-ferramentas","7":"product_cat-grampos-de-parafuso","9":"first","10":"instock","11":"taxable","12":"shipping-taxable","13":"purchasable","14":"product-type-simple"},"_links":{"self":[{"href":"https:\/\/casafreitas.pt\/loja\/wp-json\/wp\/v2\/product\/83501","targetHints":{"allow":["GET"]}}],"collection":[{"href":"https:\/\/casafreitas.pt\/loja\/wp-json\/wp\/v2\/product"}],"about":[{"href":"https:\/\/casafreitas.pt\/loja\/wp-json\/wp\/v2\/types\/product"}],"replies":[{"embeddable":true,"href":"https:\/\/casafreitas.pt\/loja\/wp-json\/wp\/v2\/comments?post=83501"}],"version-history":[{"count":1,"href":"https:\/\/casafreitas.pt\/loja\/wp-json\/wp\/v2\/product\/83501\/revisions"}],"predecessor-version":[{"id":83502,"href":"https:\/\/casafreitas.pt\/loja\/wp-json\/wp\/v2\/product\/83501\/revisions\/83502"}],"wp:featuredmedia":[{"embeddable":true,"href":"https:\/\/casafreitas.pt\/loja\/wp-json\/wp\/v2\/media\/83500"}],"wp:attachment":[{"href":"https:\/\/casafreitas.pt\/loja\/wp-json\/wp\/v2\/media?parent=83501"}],"wp:term":[{"taxonomy":"product_brand","embeddable":true,"href":"https:\/\/casafreitas.pt\/loja\/wp-json\/wp\/v2\/product_brand?post=83501"},{"taxonomy":"product_cat","embeddable":true,"href":"https:\/\/casafreitas.pt\/loja\/wp-json\/wp\/v2\/product_cat?post=83501"},{"taxonomy":"product_tag","embeddable":true,"href":"https:\/\/casafreitas.pt\/loja\/wp-json\/wp\/v2\/product_tag?post=83501"}],"curies":[{"name":"wp","href":"https:\/\/api.w.org\/{rel}","templated":true}]}}