{"id":83261,"date":"2025-09-25T18:59:58","date_gmt":"2025-09-25T18:59:58","guid":{"rendered":"https:\/\/casafreitas.pt\/loja\/produto\/nivel-solido-aluminio-injetado-magnetico-250mm-com-saco-983-25-1\/"},"modified":"2025-10-24T00:50:41","modified_gmt":"2025-10-24T00:50:41","slug":"nivel-solido-aluminio-injetado-magnetico-250mm-com-saco-983-25-1","status":"publish","type":"product","link":"https:\/\/casafreitas.pt\/loja\/produto\/nivel-solido-aluminio-injetado-magnetico-250mm-com-saco-983-25-1\/","title":{"rendered":"N\u00edvel s\u00f3lido alum\u00ednio injetado magn\u00e9tico 250mm com saco 983-25-1"},"content":{"rendered":"","protected":false},"excerpt":{"rendered":"<p>N\u00edvel s\u00f3lido alum\u00ednio injetado magn\u00e9tico 250mm com saco 983-25-1. n\u00edvel torpedo de alum\u00ednio fundido. saco nclu\u00eddo. precis\u00e3o de \u00b11mm\/m. 2 potentes \u00edmans de neodimio<\/p>\n","protected":false},"featured_media":83260,"comment_status":"open","ping_status":"closed","template":"","meta":[],"product_brand":[],"product_cat":[11488,16356],"product_tag":[],"class_list":{"0":"post-83261","1":"product","2":"type-product","3":"status-publish","4":"has-post-thumbnail","6":"product_cat-ferramentas","7":"product_cat-niveis-ferramentas-62","9":"first","10":"instock","11":"taxable","12":"shipping-taxable","13":"purchasable","14":"product-type-simple"},"_links":{"self":[{"href":"https:\/\/casafreitas.pt\/loja\/wp-json\/wp\/v2\/product\/83261","targetHints":{"allow":["GET"]}}],"collection":[{"href":"https:\/\/casafreitas.pt\/loja\/wp-json\/wp\/v2\/product"}],"about":[{"href":"https:\/\/casafreitas.pt\/loja\/wp-json\/wp\/v2\/types\/product"}],"replies":[{"embeddable":true,"href":"https:\/\/casafreitas.pt\/loja\/wp-json\/wp\/v2\/comments?post=83261"}],"version-history":[{"count":1,"href":"https:\/\/casafreitas.pt\/loja\/wp-json\/wp\/v2\/product\/83261\/revisions"}],"predecessor-version":[{"id":83262,"href":"https:\/\/casafreitas.pt\/loja\/wp-json\/wp\/v2\/product\/83261\/revisions\/83262"}],"wp:featuredmedia":[{"embeddable":true,"href":"https:\/\/casafreitas.pt\/loja\/wp-json\/wp\/v2\/media\/83260"}],"wp:attachment":[{"href":"https:\/\/casafreitas.pt\/loja\/wp-json\/wp\/v2\/media?parent=83261"}],"wp:term":[{"taxonomy":"product_brand","embeddable":true,"href":"https:\/\/casafreitas.pt\/loja\/wp-json\/wp\/v2\/product_brand?post=83261"},{"taxonomy":"product_cat","embeddable":true,"href":"https:\/\/casafreitas.pt\/loja\/wp-json\/wp\/v2\/product_cat?post=83261"},{"taxonomy":"product_tag","embeddable":true,"href":"https:\/\/casafreitas.pt\/loja\/wp-json\/wp\/v2\/product_tag?post=83261"}],"curies":[{"name":"wp","href":"https:\/\/api.w.org\/{rel}","templated":true}]}}