{"id":83237,"date":"2025-09-25T18:58:26","date_gmt":"2025-09-25T18:58:26","guid":{"rendered":"https:\/\/casafreitas.pt\/loja\/produto\/flexometro-5m-x-19mm-980-5-1\/"},"modified":"2025-10-24T00:50:40","modified_gmt":"2025-10-24T00:50:40","slug":"flexometro-5m-x-19mm-980-5-1","status":"publish","type":"product","link":"https:\/\/casafreitas.pt\/loja\/produto\/flexometro-5m-x-19mm-980-5-1\/","title":{"rendered":"Flex\u00f3metro 5m x 19mm 980-5-1"},"content":{"rendered":"","protected":false},"excerpt":{"rendered":"<p>Flex\u00f3metro 5m x 19mm 980-5-1. precis\u00e3o de classe ii. folha de a\u00e7o 50c de alta qualidade. revestido com nylon resistente \u00e0 abras\u00e3o. caixa de abs revestido com borracha t\u00e9rmica. sistema de bloqueiro. fita para pulso. clip de metal para cinto. 3 rebites no gancho do limitador. conforme a normativa sobre a comercializa\u00e7\u00e3o de instrumentos de medi\u00e7\u00e3o<\/p>\n","protected":false},"featured_media":83236,"comment_status":"open","ping_status":"closed","template":"","meta":[],"product_brand":[],"product_cat":[11488,13759],"product_tag":[],"class_list":{"0":"post-83237","1":"product","2":"type-product","3":"status-publish","4":"has-post-thumbnail","6":"product_cat-ferramentas","7":"product_cat-ferramentas-dispositivos-de-medicao-ferramentas","9":"first","10":"instock","11":"taxable","12":"shipping-taxable","13":"purchasable","14":"product-type-simple"},"_links":{"self":[{"href":"https:\/\/casafreitas.pt\/loja\/wp-json\/wp\/v2\/product\/83237","targetHints":{"allow":["GET"]}}],"collection":[{"href":"https:\/\/casafreitas.pt\/loja\/wp-json\/wp\/v2\/product"}],"about":[{"href":"https:\/\/casafreitas.pt\/loja\/wp-json\/wp\/v2\/types\/product"}],"replies":[{"embeddable":true,"href":"https:\/\/casafreitas.pt\/loja\/wp-json\/wp\/v2\/comments?post=83237"}],"version-history":[{"count":1,"href":"https:\/\/casafreitas.pt\/loja\/wp-json\/wp\/v2\/product\/83237\/revisions"}],"predecessor-version":[{"id":83238,"href":"https:\/\/casafreitas.pt\/loja\/wp-json\/wp\/v2\/product\/83237\/revisions\/83238"}],"wp:featuredmedia":[{"embeddable":true,"href":"https:\/\/casafreitas.pt\/loja\/wp-json\/wp\/v2\/media\/83236"}],"wp:attachment":[{"href":"https:\/\/casafreitas.pt\/loja\/wp-json\/wp\/v2\/media?parent=83237"}],"wp:term":[{"taxonomy":"product_brand","embeddable":true,"href":"https:\/\/casafreitas.pt\/loja\/wp-json\/wp\/v2\/product_brand?post=83237"},{"taxonomy":"product_cat","embeddable":true,"href":"https:\/\/casafreitas.pt\/loja\/wp-json\/wp\/v2\/product_cat?post=83237"},{"taxonomy":"product_tag","embeddable":true,"href":"https:\/\/casafreitas.pt\/loja\/wp-json\/wp\/v2\/product_tag?post=83237"}],"curies":[{"name":"wp","href":"https:\/\/api.w.org\/{rel}","templated":true}]}}