{"id":83078,"date":"2025-09-25T18:50:17","date_gmt":"2025-09-25T18:50:17","guid":{"rendered":"https:\/\/casafreitas.pt\/loja\/produto\/marreta-cabo-madeira-hickory-750g-530-03-2\/"},"modified":"2025-10-24T00:50:30","modified_gmt":"2025-10-24T00:50:30","slug":"marreta-cabo-madeira-hickory-750g-530-03-2","status":"publish","type":"product","link":"https:\/\/casafreitas.pt\/loja\/produto\/marreta-cabo-madeira-hickory-750g-530-03-2\/","title":{"rendered":"Marreta cabo de madeira hickory, 750g 530-03-2"},"content":{"rendered":"","protected":false},"excerpt":{"rendered":"<p>Marreta cabo de madeira hickory, 750g 530-03-2. o cabo est\u00e1 fixado \u00e0 cabe\u00e7a com duas cunhas de metal redondas e uma cunha de madeira reta. cabo de madeira nogal. embalagem industrial<\/p>\n","protected":false},"featured_media":83077,"comment_status":"open","ping_status":"closed","template":"","meta":[],"product_brand":[],"product_cat":[11488,13530],"product_tag":[],"class_list":{"0":"post-83078","1":"product","2":"type-product","3":"status-publish","4":"has-post-thumbnail","6":"product_cat-ferramentas","7":"product_cat-ferramentas-de-impacto-para-metal","9":"first","10":"instock","11":"taxable","12":"shipping-taxable","13":"purchasable","14":"product-type-simple"},"_links":{"self":[{"href":"https:\/\/casafreitas.pt\/loja\/wp-json\/wp\/v2\/product\/83078","targetHints":{"allow":["GET"]}}],"collection":[{"href":"https:\/\/casafreitas.pt\/loja\/wp-json\/wp\/v2\/product"}],"about":[{"href":"https:\/\/casafreitas.pt\/loja\/wp-json\/wp\/v2\/types\/product"}],"replies":[{"embeddable":true,"href":"https:\/\/casafreitas.pt\/loja\/wp-json\/wp\/v2\/comments?post=83078"}],"version-history":[{"count":1,"href":"https:\/\/casafreitas.pt\/loja\/wp-json\/wp\/v2\/product\/83078\/revisions"}],"predecessor-version":[{"id":83079,"href":"https:\/\/casafreitas.pt\/loja\/wp-json\/wp\/v2\/product\/83078\/revisions\/83079"}],"wp:featuredmedia":[{"embeddable":true,"href":"https:\/\/casafreitas.pt\/loja\/wp-json\/wp\/v2\/media\/83077"}],"wp:attachment":[{"href":"https:\/\/casafreitas.pt\/loja\/wp-json\/wp\/v2\/media?parent=83078"}],"wp:term":[{"taxonomy":"product_brand","embeddable":true,"href":"https:\/\/casafreitas.pt\/loja\/wp-json\/wp\/v2\/product_brand?post=83078"},{"taxonomy":"product_cat","embeddable":true,"href":"https:\/\/casafreitas.pt\/loja\/wp-json\/wp\/v2\/product_cat?post=83078"},{"taxonomy":"product_tag","embeddable":true,"href":"https:\/\/casafreitas.pt\/loja\/wp-json\/wp\/v2\/product_tag?post=83078"}],"curies":[{"name":"wp","href":"https:\/\/api.w.org\/{rel}","templated":true}]}}