{"id":83033,"date":"2025-09-25T18:48:04","date_gmt":"2025-09-25T18:48:04","guid":{"rendered":"https:\/\/casafreitas.pt\/loja\/produto\/martelo-carpinteiro-cabo-madeira-hickory-conico-475g-521-71-2\/"},"modified":"2025-10-24T00:50:28","modified_gmt":"2025-10-24T00:50:28","slug":"martelo-carpinteiro-cabo-madeira-hickory-conico-475g-521-71-2","status":"publish","type":"product","link":"https:\/\/casafreitas.pt\/loja\/produto\/martelo-carpinteiro-cabo-madeira-hickory-conico-475g-521-71-2\/","title":{"rendered":"Martelo carpinteiro cabo de madeira hickory c\u00f3nico 475g 521-71-2"},"content":{"rendered":"","protected":false},"excerpt":{"rendered":"<p>Martelo carpinteiro cabo de madeira hickory c\u00f3nico 475g 521-71-2. martelo carpinteiro. o cabo est\u00e1 acoplado com cunhas c\u00f3nicas \u00e0 cabe\u00e7a do martelo. com cabo de madeira de nogal. embalagem industrial<\/p>\n","protected":false},"featured_media":83032,"comment_status":"open","ping_status":"closed","template":"","meta":[],"product_brand":[],"product_cat":[11488,13530],"product_tag":[],"class_list":{"0":"post-83033","1":"product","2":"type-product","3":"status-publish","4":"has-post-thumbnail","6":"product_cat-ferramentas","7":"product_cat-ferramentas-de-impacto-para-metal","9":"first","10":"instock","11":"taxable","12":"shipping-taxable","13":"purchasable","14":"product-type-simple"},"_links":{"self":[{"href":"https:\/\/casafreitas.pt\/loja\/wp-json\/wp\/v2\/product\/83033","targetHints":{"allow":["GET"]}}],"collection":[{"href":"https:\/\/casafreitas.pt\/loja\/wp-json\/wp\/v2\/product"}],"about":[{"href":"https:\/\/casafreitas.pt\/loja\/wp-json\/wp\/v2\/types\/product"}],"replies":[{"embeddable":true,"href":"https:\/\/casafreitas.pt\/loja\/wp-json\/wp\/v2\/comments?post=83033"}],"version-history":[{"count":1,"href":"https:\/\/casafreitas.pt\/loja\/wp-json\/wp\/v2\/product\/83033\/revisions"}],"predecessor-version":[{"id":83034,"href":"https:\/\/casafreitas.pt\/loja\/wp-json\/wp\/v2\/product\/83033\/revisions\/83034"}],"wp:featuredmedia":[{"embeddable":true,"href":"https:\/\/casafreitas.pt\/loja\/wp-json\/wp\/v2\/media\/83032"}],"wp:attachment":[{"href":"https:\/\/casafreitas.pt\/loja\/wp-json\/wp\/v2\/media?parent=83033"}],"wp:term":[{"taxonomy":"product_brand","embeddable":true,"href":"https:\/\/casafreitas.pt\/loja\/wp-json\/wp\/v2\/product_brand?post=83033"},{"taxonomy":"product_cat","embeddable":true,"href":"https:\/\/casafreitas.pt\/loja\/wp-json\/wp\/v2\/product_cat?post=83033"},{"taxonomy":"product_tag","embeddable":true,"href":"https:\/\/casafreitas.pt\/loja\/wp-json\/wp\/v2\/product_tag?post=83033"}],"curies":[{"name":"wp","href":"https:\/\/api.w.org\/{rel}","templated":true}]}}