{"id":83018,"date":"2025-09-25T18:44:39","date_gmt":"2025-09-25T18:44:39","guid":{"rendered":"https:\/\/casafreitas.pt\/loja\/produto\/poters-cilindricos-canelados-2345678910-mm-jogo-9-pecas\/"},"modified":"2025-10-24T00:50:27","modified_gmt":"2025-10-24T00:50:27","slug":"poters-cilindricos-canelados-2345678910-mm-jogo-9-pecas","status":"publish","type":"product","link":"https:\/\/casafreitas.pt\/loja\/produto\/poters-cilindricos-canelados-2345678910-mm-jogo-9-pecas\/","title":{"rendered":"Poters cilindricos canelados (2,3,4,5,6,7,8,9,10 mm), jogo de 9 pe\u00e7as"},"content":{"rendered":"","protected":false},"excerpt":{"rendered":"<p>Jogo de 9 pun\u00e7\u00f5es cilindricos canelados, inclui; 2, 3, 4, 5, 6, 7, 8, 9 e 10 mm. em estojo<\/p>\n","protected":false},"featured_media":83017,"comment_status":"open","ping_status":"closed","template":"","meta":[],"product_brand":[],"product_cat":[15947,11488],"product_tag":[],"class_list":{"0":"post-83018","1":"product","2":"type-product","3":"status-publish","4":"has-post-thumbnail","6":"product_cat-ferramenta-de-extracao-ferramentas-36","7":"product_cat-ferramentas","9":"first","10":"instock","11":"taxable","12":"shipping-taxable","13":"purchasable","14":"product-type-simple"},"_links":{"self":[{"href":"https:\/\/casafreitas.pt\/loja\/wp-json\/wp\/v2\/product\/83018","targetHints":{"allow":["GET"]}}],"collection":[{"href":"https:\/\/casafreitas.pt\/loja\/wp-json\/wp\/v2\/product"}],"about":[{"href":"https:\/\/casafreitas.pt\/loja\/wp-json\/wp\/v2\/types\/product"}],"replies":[{"embeddable":true,"href":"https:\/\/casafreitas.pt\/loja\/wp-json\/wp\/v2\/comments?post=83018"}],"version-history":[{"count":1,"href":"https:\/\/casafreitas.pt\/loja\/wp-json\/wp\/v2\/product\/83018\/revisions"}],"predecessor-version":[{"id":83019,"href":"https:\/\/casafreitas.pt\/loja\/wp-json\/wp\/v2\/product\/83018\/revisions\/83019"}],"wp:featuredmedia":[{"embeddable":true,"href":"https:\/\/casafreitas.pt\/loja\/wp-json\/wp\/v2\/media\/83017"}],"wp:attachment":[{"href":"https:\/\/casafreitas.pt\/loja\/wp-json\/wp\/v2\/media?parent=83018"}],"wp:term":[{"taxonomy":"product_brand","embeddable":true,"href":"https:\/\/casafreitas.pt\/loja\/wp-json\/wp\/v2\/product_brand?post=83018"},{"taxonomy":"product_cat","embeddable":true,"href":"https:\/\/casafreitas.pt\/loja\/wp-json\/wp\/v2\/product_cat?post=83018"},{"taxonomy":"product_tag","embeddable":true,"href":"https:\/\/casafreitas.pt\/loja\/wp-json\/wp\/v2\/product_tag?post=83018"}],"curies":[{"name":"wp","href":"https:\/\/api.w.org\/{rel}","templated":true}]}}