{"id":83015,"date":"2025-09-25T18:44:28","date_gmt":"2025-09-25T18:44:28","guid":{"rendered":"https:\/\/casafreitas.pt\/loja\/produto\/puncoes-redondos-jogo-5-pecas\/"},"modified":"2025-10-24T00:50:27","modified_gmt":"2025-10-24T00:50:27","slug":"puncoes-redondos-jogo-5-pecas","status":"publish","type":"product","link":"https:\/\/casafreitas.pt\/loja\/produto\/puncoes-redondos-jogo-5-pecas\/","title":{"rendered":"Pun\u00e7\u00f5es redondos, jogo de 5 pe\u00e7as"},"content":{"rendered":"","protected":false},"excerpt":{"rendered":"<p>Jogo de 5 pun\u00e7\u00f5es redondos em estojo (2,5 \/ 4 \/ 5 \/ 6 \/ 8 mm)<\/p>\n","protected":false},"featured_media":83014,"comment_status":"open","ping_status":"closed","template":"","meta":[],"product_brand":[],"product_cat":[15947,11488],"product_tag":[],"class_list":{"0":"post-83015","1":"product","2":"type-product","3":"status-publish","4":"has-post-thumbnail","6":"product_cat-ferramenta-de-extracao-ferramentas-36","7":"product_cat-ferramentas","9":"first","10":"instock","11":"taxable","12":"shipping-taxable","13":"purchasable","14":"product-type-simple"},"_links":{"self":[{"href":"https:\/\/casafreitas.pt\/loja\/wp-json\/wp\/v2\/product\/83015","targetHints":{"allow":["GET"]}}],"collection":[{"href":"https:\/\/casafreitas.pt\/loja\/wp-json\/wp\/v2\/product"}],"about":[{"href":"https:\/\/casafreitas.pt\/loja\/wp-json\/wp\/v2\/types\/product"}],"replies":[{"embeddable":true,"href":"https:\/\/casafreitas.pt\/loja\/wp-json\/wp\/v2\/comments?post=83015"}],"version-history":[{"count":1,"href":"https:\/\/casafreitas.pt\/loja\/wp-json\/wp\/v2\/product\/83015\/revisions"}],"predecessor-version":[{"id":83016,"href":"https:\/\/casafreitas.pt\/loja\/wp-json\/wp\/v2\/product\/83015\/revisions\/83016"}],"wp:featuredmedia":[{"embeddable":true,"href":"https:\/\/casafreitas.pt\/loja\/wp-json\/wp\/v2\/media\/83014"}],"wp:attachment":[{"href":"https:\/\/casafreitas.pt\/loja\/wp-json\/wp\/v2\/media?parent=83015"}],"wp:term":[{"taxonomy":"product_brand","embeddable":true,"href":"https:\/\/casafreitas.pt\/loja\/wp-json\/wp\/v2\/product_brand?post=83015"},{"taxonomy":"product_cat","embeddable":true,"href":"https:\/\/casafreitas.pt\/loja\/wp-json\/wp\/v2\/product_cat?post=83015"},{"taxonomy":"product_tag","embeddable":true,"href":"https:\/\/casafreitas.pt\/loja\/wp-json\/wp\/v2\/product_tag?post=83015"}],"curies":[{"name":"wp","href":"https:\/\/api.w.org\/{rel}","templated":true}]}}