{"id":83012,"date":"2025-09-25T18:44:16","date_gmt":"2025-09-25T18:44:16","guid":{"rendered":"https:\/\/casafreitas.pt\/loja\/produto\/tracador-ponta-rija-150mm-511501\/"},"modified":"2025-10-24T00:50:27","modified_gmt":"2025-10-24T00:50:27","slug":"tracador-ponta-rija-150mm-511501","status":"publish","type":"product","link":"https:\/\/casafreitas.pt\/loja\/produto\/tracador-ponta-rija-150mm-511501\/","title":{"rendered":"Tra\u00e7ador de ponta rija 150mm 511501"},"content":{"rendered":"","protected":false},"excerpt":{"rendered":"<p>Tra\u00e7ador de ponta rija 150mm 511501. pode marcar superf\u00edcies rijas: comprimento de 150mm<\/p>\n","protected":false},"featured_media":83011,"comment_status":"open","ping_status":"closed","template":"","meta":[],"product_brand":[],"product_cat":[11488,14502],"product_tag":[],"class_list":{"0":"post-83012","1":"product","2":"type-product","3":"status-publish","4":"has-post-thumbnail","6":"product_cat-ferramentas","7":"product_cat-herramientas-para-metal-ferramentas","9":"first","10":"instock","11":"taxable","12":"shipping-taxable","13":"purchasable","14":"product-type-simple"},"_links":{"self":[{"href":"https:\/\/casafreitas.pt\/loja\/wp-json\/wp\/v2\/product\/83012","targetHints":{"allow":["GET"]}}],"collection":[{"href":"https:\/\/casafreitas.pt\/loja\/wp-json\/wp\/v2\/product"}],"about":[{"href":"https:\/\/casafreitas.pt\/loja\/wp-json\/wp\/v2\/types\/product"}],"replies":[{"embeddable":true,"href":"https:\/\/casafreitas.pt\/loja\/wp-json\/wp\/v2\/comments?post=83012"}],"version-history":[{"count":1,"href":"https:\/\/casafreitas.pt\/loja\/wp-json\/wp\/v2\/product\/83012\/revisions"}],"predecessor-version":[{"id":83013,"href":"https:\/\/casafreitas.pt\/loja\/wp-json\/wp\/v2\/product\/83012\/revisions\/83013"}],"wp:featuredmedia":[{"embeddable":true,"href":"https:\/\/casafreitas.pt\/loja\/wp-json\/wp\/v2\/media\/83011"}],"wp:attachment":[{"href":"https:\/\/casafreitas.pt\/loja\/wp-json\/wp\/v2\/media?parent=83012"}],"wp:term":[{"taxonomy":"product_brand","embeddable":true,"href":"https:\/\/casafreitas.pt\/loja\/wp-json\/wp\/v2\/product_brand?post=83012"},{"taxonomy":"product_cat","embeddable":true,"href":"https:\/\/casafreitas.pt\/loja\/wp-json\/wp\/v2\/product_cat?post=83012"},{"taxonomy":"product_tag","embeddable":true,"href":"https:\/\/casafreitas.pt\/loja\/wp-json\/wp\/v2\/product_tag?post=83012"}],"curies":[{"name":"wp","href":"https:\/\/api.w.org\/{rel}","templated":true}]}}