{"id":83009,"date":"2025-09-25T18:44:07","date_gmt":"2025-09-25T18:44:07","guid":{"rendered":"https:\/\/casafreitas.pt\/loja\/produto\/jogo-petaca-9-chaves-hexagonais-pavonadas-compridas-com-bola-15-10mm-48-9-h\/"},"modified":"2025-10-24T00:50:27","modified_gmt":"2025-10-24T00:50:27","slug":"jogo-petaca-9-chaves-hexagonais-pavonadas-compridas-com-bola-15-10mm-48-9-h","status":"publish","type":"product","link":"https:\/\/casafreitas.pt\/loja\/produto\/jogo-petaca-9-chaves-hexagonais-pavonadas-compridas-com-bola-15-10mm-48-9-h\/","title":{"rendered":"Jogo petaca 9 chaves hexagonais pavonadas compridas com bola 1,5-10mm 48-9-h"},"content":{"rendered":"","protected":false},"excerpt":{"rendered":"<p>Jogo petaca 9 chaves hexagonais pavonadas compridas com bola 1,5-10mm 48-9-h. inclui 9 chaves tipo allen com extremo de bola em dimens\u00f5es m\u00e9tricas. medidas: 1,5, 2, 2,5, 3, 4, 5, 6, 8 e 10mm. chave comprida. com bola hexagonal. f\u00e1cil de introduzir na cabe\u00e7a do parafuso desde v\u00e1rios \u00e2ngulos. para um trabalho mais eficiente e poupan\u00e7a de tempo. a garra comprida proporciona maior transmiss\u00e3o de par de aperto e maior acessibilidade. o tratamento com acabamento oxidado proporciona uma excelente prote\u00e7\u00e3o da superf\u00edcie, maior precis\u00e3o na ponta. a\u00e7o de alta qualidade. totalmente temperado. a chave tem a medida gravada para facilitar a sua identifica\u00e7\u00e3o. em suporte de pl\u00e1stico. orif\u00edcio para pendurar<\/p>\n","protected":false},"featured_media":83008,"comment_status":"open","ping_status":"closed","template":"","meta":[],"product_brand":[],"product_cat":[14284,11488],"product_tag":[],"class_list":{"0":"post-83009","1":"product","2":"type-product","3":"status-publish","4":"has-post-thumbnail","6":"product_cat-chaves-allen","7":"product_cat-ferramentas","9":"first","10":"instock","11":"taxable","12":"shipping-taxable","13":"purchasable","14":"product-type-simple"},"_links":{"self":[{"href":"https:\/\/casafreitas.pt\/loja\/wp-json\/wp\/v2\/product\/83009","targetHints":{"allow":["GET"]}}],"collection":[{"href":"https:\/\/casafreitas.pt\/loja\/wp-json\/wp\/v2\/product"}],"about":[{"href":"https:\/\/casafreitas.pt\/loja\/wp-json\/wp\/v2\/types\/product"}],"replies":[{"embeddable":true,"href":"https:\/\/casafreitas.pt\/loja\/wp-json\/wp\/v2\/comments?post=83009"}],"version-history":[{"count":1,"href":"https:\/\/casafreitas.pt\/loja\/wp-json\/wp\/v2\/product\/83009\/revisions"}],"predecessor-version":[{"id":83010,"href":"https:\/\/casafreitas.pt\/loja\/wp-json\/wp\/v2\/product\/83009\/revisions\/83010"}],"wp:featuredmedia":[{"embeddable":true,"href":"https:\/\/casafreitas.pt\/loja\/wp-json\/wp\/v2\/media\/83008"}],"wp:attachment":[{"href":"https:\/\/casafreitas.pt\/loja\/wp-json\/wp\/v2\/media?parent=83009"}],"wp:term":[{"taxonomy":"product_brand","embeddable":true,"href":"https:\/\/casafreitas.pt\/loja\/wp-json\/wp\/v2\/product_brand?post=83009"},{"taxonomy":"product_cat","embeddable":true,"href":"https:\/\/casafreitas.pt\/loja\/wp-json\/wp\/v2\/product_cat?post=83009"},{"taxonomy":"product_tag","embeddable":true,"href":"https:\/\/casafreitas.pt\/loja\/wp-json\/wp\/v2\/product_tag?post=83009"}],"curies":[{"name":"wp","href":"https:\/\/api.w.org\/{rel}","templated":true}]}}