{"id":83000,"date":"2025-09-25T18:43:35","date_gmt":"2025-09-25T18:43:35","guid":{"rendered":"https:\/\/casafreitas.pt\/loja\/produto\/chave-precisao-com-roquete-porta-pontas-17-pecas-471-18-1\/"},"modified":"2025-10-24T00:50:26","modified_gmt":"2025-10-24T00:50:26","slug":"chave-precisao-com-roquete-porta-pontas-17-pecas-471-18-1","status":"publish","type":"product","link":"https:\/\/casafreitas.pt\/loja\/produto\/chave-precisao-com-roquete-porta-pontas-17-pecas-471-18-1\/","title":{"rendered":"Chave de precis\u00e3o com roquete e porta pontas, 17 pe\u00e7as 471-18-1"},"content":{"rendered":"","protected":false},"excerpt":{"rendered":"<p>Chave de precis\u00e3o com roquete e porta pontas, 17 pe\u00e7as 471-18-1. inclui um chave de precis\u00e3o com roquete e porta pontas magn\u00e9tico e 17 pontas de 5\/32. pontas: 5\/32&#8243;. para projetos de engenharia e eletr\u00f3nica de precis\u00e3o. fendas: 1,0, 1,5 e 2,0mm. phillips: ph000, ph00 e ph0. torx: t2, t3, t4, t5 e t6. p: p0,8 e p1. y: y2,0 e y3,0. -ta: 2,3. roquete suave, mecanismo trinquete de 3 posi\u00e7\u00f5es: para a frente, para tr\u00e1s e neutro. cabo bicomponente que oferece o m\u00e1ximo conforto. a cabe\u00e7a girat\u00f3ria permite manipular facilmente e com precis\u00e3o. numa caixa de pl\u00e1stico compacta. as ranhuras ajudam a extrair e inserir as pontas. em bl\u00edster. normativas: din 3126-c 4 e iso 1173&#8243;<\/p>\n","protected":false},"featured_media":82999,"comment_status":"open","ping_status":"closed","template":"","meta":[],"product_brand":[],"product_cat":[14282,11488],"product_tag":[],"class_list":{"0":"post-83000","1":"product","2":"type-product","3":"status-publish","4":"has-post-thumbnail","6":"product_cat-chave-de-precisao","7":"product_cat-ferramentas","9":"first","10":"instock","11":"taxable","12":"shipping-taxable","13":"purchasable","14":"product-type-simple"},"_links":{"self":[{"href":"https:\/\/casafreitas.pt\/loja\/wp-json\/wp\/v2\/product\/83000","targetHints":{"allow":["GET"]}}],"collection":[{"href":"https:\/\/casafreitas.pt\/loja\/wp-json\/wp\/v2\/product"}],"about":[{"href":"https:\/\/casafreitas.pt\/loja\/wp-json\/wp\/v2\/types\/product"}],"replies":[{"embeddable":true,"href":"https:\/\/casafreitas.pt\/loja\/wp-json\/wp\/v2\/comments?post=83000"}],"version-history":[{"count":1,"href":"https:\/\/casafreitas.pt\/loja\/wp-json\/wp\/v2\/product\/83000\/revisions"}],"predecessor-version":[{"id":83001,"href":"https:\/\/casafreitas.pt\/loja\/wp-json\/wp\/v2\/product\/83000\/revisions\/83001"}],"wp:featuredmedia":[{"embeddable":true,"href":"https:\/\/casafreitas.pt\/loja\/wp-json\/wp\/v2\/media\/82999"}],"wp:attachment":[{"href":"https:\/\/casafreitas.pt\/loja\/wp-json\/wp\/v2\/media?parent=83000"}],"wp:term":[{"taxonomy":"product_brand","embeddable":true,"href":"https:\/\/casafreitas.pt\/loja\/wp-json\/wp\/v2\/product_brand?post=83000"},{"taxonomy":"product_cat","embeddable":true,"href":"https:\/\/casafreitas.pt\/loja\/wp-json\/wp\/v2\/product_cat?post=83000"},{"taxonomy":"product_tag","embeddable":true,"href":"https:\/\/casafreitas.pt\/loja\/wp-json\/wp\/v2\/product_tag?post=83000"}],"curies":[{"name":"wp","href":"https:\/\/api.w.org\/{rel}","templated":true}]}}