{"id":82997,"date":"2025-09-25T18:43:24","date_gmt":"2025-09-25T18:43:24","guid":{"rendered":"https:\/\/casafreitas.pt\/loja\/produto\/magnetizador-desmagnetizador\/"},"modified":"2025-10-24T00:50:26","modified_gmt":"2025-10-24T00:50:26","slug":"magnetizador-desmagnetizador","status":"publish","type":"product","link":"https:\/\/casafreitas.pt\/loja\/produto\/magnetizador-desmagnetizador\/","title":{"rendered":"Magnetizador e desmagnetizador"},"content":{"rendered":"","protected":false},"excerpt":{"rendered":"<p>Magnetizador e desmagnetizador, para magn\u00e9tizar e desmagn\u00e9tizar diferentes tipos de ferramentas. dispositivo pequeno, simples e f\u00e1cil de usar. material: \u00edman e pl\u00e1stico. em bl\u00edster<\/p>\n","protected":false},"featured_media":82996,"comment_status":"open","ping_status":"closed","template":"","meta":[],"product_brand":[],"product_cat":[14011,11488],"product_tag":[],"class_list":{"0":"post-82997","1":"product","2":"type-product","3":"status-publish","4":"has-post-thumbnail","6":"product_cat-chave-de-fenda-com-pontas-intercambiaveis","7":"product_cat-ferramentas","9":"first","10":"instock","11":"taxable","12":"shipping-taxable","13":"purchasable","14":"product-type-simple"},"_links":{"self":[{"href":"https:\/\/casafreitas.pt\/loja\/wp-json\/wp\/v2\/product\/82997","targetHints":{"allow":["GET"]}}],"collection":[{"href":"https:\/\/casafreitas.pt\/loja\/wp-json\/wp\/v2\/product"}],"about":[{"href":"https:\/\/casafreitas.pt\/loja\/wp-json\/wp\/v2\/types\/product"}],"replies":[{"embeddable":true,"href":"https:\/\/casafreitas.pt\/loja\/wp-json\/wp\/v2\/comments?post=82997"}],"version-history":[{"count":1,"href":"https:\/\/casafreitas.pt\/loja\/wp-json\/wp\/v2\/product\/82997\/revisions"}],"predecessor-version":[{"id":82998,"href":"https:\/\/casafreitas.pt\/loja\/wp-json\/wp\/v2\/product\/82997\/revisions\/82998"}],"wp:featuredmedia":[{"embeddable":true,"href":"https:\/\/casafreitas.pt\/loja\/wp-json\/wp\/v2\/media\/82996"}],"wp:attachment":[{"href":"https:\/\/casafreitas.pt\/loja\/wp-json\/wp\/v2\/media?parent=82997"}],"wp:term":[{"taxonomy":"product_brand","embeddable":true,"href":"https:\/\/casafreitas.pt\/loja\/wp-json\/wp\/v2\/product_brand?post=82997"},{"taxonomy":"product_cat","embeddable":true,"href":"https:\/\/casafreitas.pt\/loja\/wp-json\/wp\/v2\/product_cat?post=82997"},{"taxonomy":"product_tag","embeddable":true,"href":"https:\/\/casafreitas.pt\/loja\/wp-json\/wp\/v2\/product_tag?post=82997"}],"curies":[{"name":"wp","href":"https:\/\/api.w.org\/{rel}","templated":true}]}}